{"id":42998,"date":"2026-01-27T19:55:06","date_gmt":"2026-01-27T19:55:06","guid":{"rendered":"https:\/\/www.deporteseli.com\/?product=gel-resolution-9-clay"},"modified":"2026-04-08T15:56:38","modified_gmt":"2026-04-08T15:56:38","slug":"gel-resolution-9-clay","status":"publish","type":"product","link":"https:\/\/www.deporteseli.com\/?product=gel-resolution-9-clay","title":{"rendered":"GEL-RESOLUTION 9 CLAY"},"content":{"rendered":"<p>Descripci\u00f3n  La zapatilla de tenis GEL-RESOLUTION\u2122 9 CLAY ofrece la m\u00e1xima estabilidad y sujeci\u00f3n sin restar un \u00e1pice de comodidad. En comparaci\u00f3n con el modelo anterior, ofrece transiciones m\u00e1s suaves gracias a que reduce el tiempo necesario para cambiar r\u00e1pidamente de direcci\u00f3n. Esta zapatilla de tenis ofrece la mejor estabilidad y est\u00e1 dise\u00f1ada para ayudarte a cubrir la l\u00ednea de fondo con confianza.    La nueva estructura DYNAWALL\u2122 de la zapatilla te ayuda a moverte de un lado a otro con suavidad y te permite recuperar antes la posici\u00f3n, incluso aunque tengas que devolver un golpe profundo. Por otro lado, la renovada tecnolog\u00eda DYNAWRAP\u2122 favorece los movimientos de lado a lado al sujetar el pie de forma segura. Adem\u00e1s, la suela completa proporciona un agarre excelente en la pista para lograr una mayor estabilidad y sujeci\u00f3n.    \u00bfC\u00f3mo consigue la zapatilla GEL-RESOLUTION\u2122 9 CLAY ofrecer m\u00e1s estabilidad y sujeci\u00f3n?    La estructura DYNAWALL\u2122 te ayuda a moverte de un lado a otro con suavidad y te permite recuperar f\u00e1cilmente la posici\u00f3n, incluso despu\u00e9s de devolver un golpe profundo.  La tecnolog\u00eda DYNAWRAP\u2122 sujeta el pie c\u00f3modamente para mejorar la estabilidad, sobre todo durante los movimientos de lado a lado.  La suela completa, adecuada para pistas de tierra batida, garantiza un mejor agarre en los deslizamientos gracias a su dise\u00f1o en forma de espiga.  \u00bfPor qu\u00e9 otras cualidades destaca la zapatilla GEL-RESOLUTION\u2122 9 CLAY ?    El dise\u00f1o de esta zapatilla se centra en la estabilidad y la sujeci\u00f3n. Hemos dedicado horas a probarla y perfeccionarla en nuestro Institute of Sport Science (ISS) en Jap\u00f3n. La zapatilla de tenis GEL-RESOLUTION\u2122 9 CLAY incluye m\u00e1s caracter\u00edsticas para ayudarte en tus partidos. Puedes consultarlas en la secci\u00f3n  Caracter\u00edsticas t\u00e9cnicas .                                                                                                                                                                                                                                                                                                                                                                                                                                                                                                                                                                                                                                                                                                                                                                                                                                                                                                                                                                                                                                        <\/p>\n","protected":false},"excerpt":{"rendered":"<p>GEL-RESOLUTION 9 CLAY<\/p>\n","protected":false},"featured_media":56490,"template":"","meta":[],"product_brand":[],"product_cat":[371],"product_tag":[19],"class_list":{"0":"post-42998","1":"product","2":"type-product","3":"status-publish","4":"has-post-thumbnail","6":"product_cat-padel_y_tenis_calzado","7":"product_tag-asics","8":"pa_color-unico","9":"pa_talla-153","10":"pa_talla-43-5","11":"thunk-woo-product-list","12":"opn-qv-enable","13":"open-woo-hover-","14":"open-single-product-tab-horizontal","15":"open-shadow-","16":"open-shadow-hover-","18":"first","19":"instock","20":"sale","21":"shipping-taxable","22":"purchasable","23":"product-type-variable"},"jetpack_sharing_enabled":true,"_links":{"self":[{"href":"https:\/\/www.deporteseli.com\/index.php?rest_route=\/wp\/v2\/product\/42998","targetHints":{"allow":["GET"]}}],"collection":[{"href":"https:\/\/www.deporteseli.com\/index.php?rest_route=\/wp\/v2\/product"}],"about":[{"href":"https:\/\/www.deporteseli.com\/index.php?rest_route=\/wp\/v2\/types\/product"}],"wp:featuredmedia":[{"embeddable":true,"href":"https:\/\/www.deporteseli.com\/index.php?rest_route=\/wp\/v2\/media\/56490"}],"wp:attachment":[{"href":"https:\/\/www.deporteseli.com\/index.php?rest_route=%2Fwp%2Fv2%2Fmedia&parent=42998"}],"wp:term":[{"taxonomy":"product_brand","embeddable":true,"href":"https:\/\/www.deporteseli.com\/index.php?rest_route=%2Fwp%2Fv2%2Fproduct_brand&post=42998"},{"taxonomy":"product_cat","embeddable":true,"href":"https:\/\/www.deporteseli.com\/index.php?rest_route=%2Fwp%2Fv2%2Fproduct_cat&post=42998"},{"taxonomy":"product_tag","embeddable":true,"href":"https:\/\/www.deporteseli.com\/index.php?rest_route=%2Fwp%2Fv2%2Fproduct_tag&post=42998"}],"curies":[{"name":"wp","href":"https:\/\/api.w.org\/{rel}","templated":true}]}}