{"id":42994,"date":"2026-01-27T19:55:01","date_gmt":"2026-01-27T19:55:01","guid":{"rendered":"https:\/\/www.deporteseli.com\/?product=gel-kayano-31"},"modified":"2026-01-27T19:55:05","modified_gmt":"2026-01-27T19:55:05","slug":"gel-kayano-31","status":"publish","type":"product","link":"https:\/\/www.deporteseli.com\/?product=gel-kayano-31","title":{"rendered":"GEL-KAYANO 31"},"content":{"rendered":"<p>Descripci\u00f3n  La zapatilla de running GEL-KAYANO 31 combina la m\u00e1xima sujeci\u00f3n con la comodidad definitiva para concentrarte en tu carrera. Nuestra zapatilla de estabilidad m\u00e1s avanzada hasta el momento se ha dise\u00f1ado para ayudarte a correr m\u00e1s lejos durante m\u00e1s tiempo. Gracias una estabilidad adaptable y una comodidad superior, podr\u00edas estar corriendo todo el d\u00eda.    La tecnolog\u00eda 4D GUIDANCE SYSTEM es un revolucionario sistema para estabilizar la pisada durante la carrera, sin reducir en ning\u00fan momento la comodidad. De hecho, gracias a la combinaci\u00f3n de la tecnolog\u00eda PureGEL y la suave espuma FF BLAST PLUS ECO, disfrutar\u00e1s de una incre\u00edble sensaci\u00f3n de confort cada vez que salgas a la calle.    \u00bfQu\u00e9 hace que la zapatilla de running GEL-KAYANO 31 ofrezca tanta sujeci\u00f3n y comodidad?    Incorpora la revolucionaria tecnolog\u00eda 4D GUIDANCE SYSTEM, que adapta la estabilidad cuando m\u00e1s lo necesitas para seguir corriendo durante m\u00e1s tiempo.  La tecnolog\u00eda PureGEL, m\u00e1s suave y con mejor absorci\u00f3n de impactos, reduce la presi\u00f3n en las articulaciones para que puedas seguir corriendo c\u00f3modamente.  La espuma FF BLAST PLUS ECO proporciona un aterrizaje m\u00e1s suave y una amortiguaci\u00f3n m\u00e1s reactiva para que disfrutes corriendo tambi\u00e9n en superficies m\u00e1s duras.  \u00bfPor qu\u00e9 otras cualidades destaca la zapatilla GEL-KAYANO 31 ?    El dise\u00f1o de esta zapatilla se centra en la protecci\u00f3n y la comodidad. Hemos dedicado horas a probarla y perfeccionarla en nuestro Institute of Sport Science (ISS) en Jap\u00f3n. La zapatilla de running GEL-KAYANO 31 incluye m\u00e1s caracter\u00edsticas t\u00e9cnicas para ayudarte durante la carrera. Puedes consultarlas a continuaci\u00f3n en la secci\u00f3n  Caracter\u00edsticas t\u00e9cnicas .                                                                                                                                                                                                                                                                                                                                                                                                                                                                                                                                                                                                                                                                                                                                                                                                                                                                                                                                                                                                                                        <\/p>\n","protected":false},"excerpt":{"rendered":"<p>GEL-KAYANO 31<\/p>\n","protected":false},"featured_media":56486,"template":"","meta":[],"product_brand":[],"product_cat":[259],"product_tag":[19],"class_list":{"0":"post-42994","1":"product","2":"type-product","3":"status-publish","4":"has-post-thumbnail","6":"product_cat-hombre_calzado_running","7":"product_tag-asics","8":"pa_color-unico","9":"pa_talla-41-5","10":"pa_talla-42-5","11":"pa_talla-43-5","12":"thunk-woo-product-list","13":"opn-qv-enable","14":"open-woo-hover-","15":"open-single-product-tab-horizontal","16":"open-shadow-","17":"open-shadow-hover-","19":"first","20":"instock","21":"sale","22":"shipping-taxable","23":"purchasable","24":"product-type-variable"},"jetpack_sharing_enabled":true,"_links":{"self":[{"href":"https:\/\/www.deporteseli.com\/index.php?rest_route=\/wp\/v2\/product\/42994","targetHints":{"allow":["GET"]}}],"collection":[{"href":"https:\/\/www.deporteseli.com\/index.php?rest_route=\/wp\/v2\/product"}],"about":[{"href":"https:\/\/www.deporteseli.com\/index.php?rest_route=\/wp\/v2\/types\/product"}],"wp:featuredmedia":[{"embeddable":true,"href":"https:\/\/www.deporteseli.com\/index.php?rest_route=\/wp\/v2\/media\/56486"}],"wp:attachment":[{"href":"https:\/\/www.deporteseli.com\/index.php?rest_route=%2Fwp%2Fv2%2Fmedia&parent=42994"}],"wp:term":[{"taxonomy":"product_brand","embeddable":true,"href":"https:\/\/www.deporteseli.com\/index.php?rest_route=%2Fwp%2Fv2%2Fproduct_brand&post=42994"},{"taxonomy":"product_cat","embeddable":true,"href":"https:\/\/www.deporteseli.com\/index.php?rest_route=%2Fwp%2Fv2%2Fproduct_cat&post=42994"},{"taxonomy":"product_tag","embeddable":true,"href":"https:\/\/www.deporteseli.com\/index.php?rest_route=%2Fwp%2Fv2%2Fproduct_tag&post=42994"}],"curies":[{"name":"wp","href":"https:\/\/api.w.org\/{rel}","templated":true}]}}