{"id":42979,"date":"2026-01-27T19:54:40","date_gmt":"2026-01-27T19:54:40","guid":{"rendered":"https:\/\/www.deporteseli.com\/?product=sudadera-bullpadel-baltar-frambuesa"},"modified":"2026-03-21T05:18:57","modified_gmt":"2026-03-21T05:18:57","slug":"sudadera-bullpadel-baltar-frambuesa","status":"publish","type":"product","link":"https:\/\/www.deporteseli.com\/?product=sudadera-bullpadel-baltar-frambuesa","title":{"rendered":"SUDADERA BULLPADEL BALTAR FRAMBUESA"},"content":{"rendered":"<p>Sudadera con capucha de nuestra l\u00ednea Winter. Confeccionada en tejido Interlock de poli\u00e9ster el\u00e1stico con interior perchado, cuenta con bolsillo de tipo canguro y gr\u00e1fico en el pecho en relieve, asim\u00e9trico y reflectante al rededor. Tambi\u00e9n cuenta con rib en la boca del bolsillo, en el cuello, pu\u00f1os y bajo.    Gracias a su acabado Termalflex, que consigue aunar tecnolog\u00eda y confort, la sudadera mantiene un tejido suave, resistente, transpirable y con retenci\u00f3n t\u00e9rmica, pero adem\u00e1s se ajusta a la perfecci\u00f3n a tu ergonom\u00eda para facilitar tus movimientos en la pista.                                                                                                                                                                                                                                                                                                                                                                                                                                                                                                                                                                                                                                                                                                                                                                                                                                                                                                                                                                                                                                        <\/p>\n","protected":false},"excerpt":{"rendered":"<p>SUDADERA BULLPADEL BALTAR FRAMBUESA<\/p>\n","protected":false},"featured_media":56459,"template":"","meta":[],"product_brand":[],"product_cat":[368],"product_tag":[21],"class_list":{"0":"post-42979","1":"product","2":"type-product","3":"status-publish","4":"has-post-thumbnail","6":"product_cat-padel_y_tenis_textil_sudaderas","7":"product_tag-bull_padel","8":"pa_color-unico","9":"pa_talla-l","10":"pa_talla-m","11":"thunk-woo-product-list","12":"opn-qv-enable","13":"open-woo-hover-","14":"open-single-product-tab-horizontal","15":"open-shadow-","16":"open-shadow-hover-","18":"first","19":"instock","20":"shipping-taxable","21":"purchasable","22":"product-type-variable"},"jetpack_sharing_enabled":true,"_links":{"self":[{"href":"https:\/\/www.deporteseli.com\/index.php?rest_route=\/wp\/v2\/product\/42979","targetHints":{"allow":["GET"]}}],"collection":[{"href":"https:\/\/www.deporteseli.com\/index.php?rest_route=\/wp\/v2\/product"}],"about":[{"href":"https:\/\/www.deporteseli.com\/index.php?rest_route=\/wp\/v2\/types\/product"}],"wp:featuredmedia":[{"embeddable":true,"href":"https:\/\/www.deporteseli.com\/index.php?rest_route=\/wp\/v2\/media\/56459"}],"wp:attachment":[{"href":"https:\/\/www.deporteseli.com\/index.php?rest_route=%2Fwp%2Fv2%2Fmedia&parent=42979"}],"wp:term":[{"taxonomy":"product_brand","embeddable":true,"href":"https:\/\/www.deporteseli.com\/index.php?rest_route=%2Fwp%2Fv2%2Fproduct_brand&post=42979"},{"taxonomy":"product_cat","embeddable":true,"href":"https:\/\/www.deporteseli.com\/index.php?rest_route=%2Fwp%2Fv2%2Fproduct_cat&post=42979"},{"taxonomy":"product_tag","embeddable":true,"href":"https:\/\/www.deporteseli.com\/index.php?rest_route=%2Fwp%2Fv2%2Fproduct_tag&post=42979"}],"curies":[{"name":"wp","href":"https:\/\/api.w.org\/{rel}","templated":true}]}}