{"id":42964,"date":"2026-01-27T19:54:21","date_gmt":"2026-01-27T19:54:21","guid":{"rendered":"https:\/\/www.deporteseli.com\/?product=adidas-calzado-tensaur-sport-2-0"},"modified":"2026-04-23T04:17:47","modified_gmt":"2026-04-23T04:17:47","slug":"adidas-calzado-tensaur-sport-2-0","status":"publish","type":"product","link":"https:\/\/www.deporteseli.com\/?product=adidas-calzado-tensaur-sport-2-0","title":{"rendered":"ADIDAS CALZADO TENSAUR SPORT 2.0"},"content":{"rendered":"<p>Con sus carreras, saltos y juegos, las zapatillas de los m\u00e1s peques tienen que estar preparadas para superar un mont\u00f3n de pruebas. Esta zapatilla adidas presenta una resistente suela de goma que ofrece un excelente agarre y no deja huellas por mucho que gatee y se mueva con ella. Cuenta con dos correas de velcro para poner y quitar con facilidad.    Horma cl\u00e1sica.  Cierre de velcro.  Parte superior de piel sint\u00e9tica.  Forro textil.  Suela de goma que no deja marcas.  Color del art\u00edculo: blanco I marino   verde.  Composici\u00f3n: La parte superior contiene al menos un 50% de material reciclado.                                                                                                                                                                                                                                                                                                                                                                                                                                                                                                                                                                                                                                                                                                                                                                                                                                                                                                                                                                                                                                        <\/p>\n","protected":false},"excerpt":{"rendered":"<p>ADIDAS CALZADO TENSAUR SPORT 2.0<\/p>\n","protected":false},"featured_media":56445,"template":"","meta":[],"product_brand":[],"product_cat":[310],"product_tag":[18],"class_list":{"0":"post-42964","1":"product","2":"type-product","3":"status-publish","4":"has-post-thumbnail","6":"product_cat-nino_calzado_casual","7":"product_tag-adidas","8":"pa_color-unico","9":"pa_talla-125","10":"pa_talla-127","11":"pa_talla-129","12":"pa_talla-131","13":"pa_talla-135","14":"pa_talla-137","15":"pa_talla-139","16":"pa_talla-145","17":"pa_talla-38-5","18":"pa_talla-39-5","19":"thunk-woo-product-list","20":"opn-qv-enable","21":"open-woo-hover-","22":"open-single-product-tab-horizontal","23":"open-shadow-","24":"open-shadow-hover-","26":"first","27":"instock","28":"sale","29":"shipping-taxable","30":"purchasable","31":"product-type-variable"},"jetpack_sharing_enabled":true,"_links":{"self":[{"href":"https:\/\/www.deporteseli.com\/index.php?rest_route=\/wp\/v2\/product\/42964","targetHints":{"allow":["GET"]}}],"collection":[{"href":"https:\/\/www.deporteseli.com\/index.php?rest_route=\/wp\/v2\/product"}],"about":[{"href":"https:\/\/www.deporteseli.com\/index.php?rest_route=\/wp\/v2\/types\/product"}],"wp:featuredmedia":[{"embeddable":true,"href":"https:\/\/www.deporteseli.com\/index.php?rest_route=\/wp\/v2\/media\/56445"}],"wp:attachment":[{"href":"https:\/\/www.deporteseli.com\/index.php?rest_route=%2Fwp%2Fv2%2Fmedia&parent=42964"}],"wp:term":[{"taxonomy":"product_brand","embeddable":true,"href":"https:\/\/www.deporteseli.com\/index.php?rest_route=%2Fwp%2Fv2%2Fproduct_brand&post=42964"},{"taxonomy":"product_cat","embeddable":true,"href":"https:\/\/www.deporteseli.com\/index.php?rest_route=%2Fwp%2Fv2%2Fproduct_cat&post=42964"},{"taxonomy":"product_tag","embeddable":true,"href":"https:\/\/www.deporteseli.com\/index.php?rest_route=%2Fwp%2Fv2%2Fproduct_tag&post=42964"}],"curies":[{"name":"wp","href":"https:\/\/api.w.org\/{rel}","templated":true}]}}