{"id":42941,"date":"2026-01-27T19:53:51","date_gmt":"2026-01-27T19:53:51","guid":{"rendered":"https:\/\/www.deporteseli.com\/?product=sudadera-de-hombre-gris-con-logo-estampado"},"modified":"2026-03-07T06:04:02","modified_gmt":"2026-03-07T06:04:02","slug":"sudadera-de-hombre-gris-con-logo-estampado","status":"publish","type":"product","link":"https:\/\/www.deporteseli.com\/?product=sudadera-de-hombre-gris-con-logo-estampado","title":{"rendered":"SUDADERA DE HOMBRE GRIS CON LOGO ESTAMPADO"},"content":{"rendered":"<p>En el tiempo libre o para relajarte en casa, llevar la sudadera de hombre Champion es ideal.    Confeccionado en polar de algod\u00f3n c\u00e1lido y suave, presenta capucha, dobladillo y pu\u00f1os de canal\u00e9, un bolsillo canguro y un gran logo de Champion impreso en la parte delantera.                                                                                                                                                                                                                                                                                                                                                                                                                                                                                                                                                                                                                                                                                                                                                                                                                                                                                                                                                                                                                                        <\/p>\n","protected":false},"excerpt":{"rendered":"<p>SUDADERA DE HOMBRE GRIS CON LOGO ESTAMPADO<\/p>\n","protected":false},"featured_media":56440,"template":"","meta":[],"product_brand":[],"product_cat":[253],"product_tag":[51],"class_list":{"0":"post-42941","1":"product","2":"type-product","3":"status-publish","4":"has-post-thumbnail","6":"product_cat-hombre_textil_sudaderas","7":"product_tag-champion","8":"pa_color-unico","9":"pa_talla-l","10":"pa_talla-xl","11":"thunk-woo-product-list","12":"opn-qv-enable","13":"open-woo-hover-","14":"open-single-product-tab-horizontal","15":"open-shadow-","16":"open-shadow-hover-","18":"first","19":"instock","20":"shipping-taxable","21":"purchasable","22":"product-type-variable"},"jetpack_sharing_enabled":true,"_links":{"self":[{"href":"https:\/\/www.deporteseli.com\/index.php?rest_route=\/wp\/v2\/product\/42941","targetHints":{"allow":["GET"]}}],"collection":[{"href":"https:\/\/www.deporteseli.com\/index.php?rest_route=\/wp\/v2\/product"}],"about":[{"href":"https:\/\/www.deporteseli.com\/index.php?rest_route=\/wp\/v2\/types\/product"}],"wp:featuredmedia":[{"embeddable":true,"href":"https:\/\/www.deporteseli.com\/index.php?rest_route=\/wp\/v2\/media\/56440"}],"wp:attachment":[{"href":"https:\/\/www.deporteseli.com\/index.php?rest_route=%2Fwp%2Fv2%2Fmedia&parent=42941"}],"wp:term":[{"taxonomy":"product_brand","embeddable":true,"href":"https:\/\/www.deporteseli.com\/index.php?rest_route=%2Fwp%2Fv2%2Fproduct_brand&post=42941"},{"taxonomy":"product_cat","embeddable":true,"href":"https:\/\/www.deporteseli.com\/index.php?rest_route=%2Fwp%2Fv2%2Fproduct_cat&post=42941"},{"taxonomy":"product_tag","embeddable":true,"href":"https:\/\/www.deporteseli.com\/index.php?rest_route=%2Fwp%2Fv2%2Fproduct_tag&post=42941"}],"curies":[{"name":"wp","href":"https:\/\/api.w.org\/{rel}","templated":true}]}}