{"id":42939,"date":"2026-01-27T19:53:47","date_gmt":"2026-01-27T19:53:47","guid":{"rendered":"https:\/\/www.deporteseli.com\/?product=sudadera-de-hombre-gris-con-logo-estampado-ch"},"modified":"2026-03-07T06:03:59","modified_gmt":"2026-03-07T06:03:59","slug":"sudadera-de-hombre-gris-con-logo-estampado-ch","status":"publish","type":"product","link":"https:\/\/www.deporteseli.com\/?product=sudadera-de-hombre-gris-con-logo-estampado-ch","title":{"rendered":"SUDADERA DE HOMBRE GRIS CON LOGO ESTAMPADO CH"},"content":{"rendered":"<p>En el tiempo libre o para relajarte en casa, llevar la sudadera de hombre Champion es ideal.    Confeccionado en polar de algod\u00f3n c\u00e1lido y suave, presenta capucha, dobladillo y pu\u00f1os de canal\u00e9, un bolsillo canguro y un gran logo de Champion impreso en la parte delantera.                                                                                                                                                                                                                                                                                                                                                                                                                                                                                                                                                                                                                                                                                                                                                                                                                                                                                                                                                                                                                                        <\/p>\n","protected":false},"excerpt":{"rendered":"<p>SUDADERA DE HOMBRE GRIS CON LOGO ESTAMPADO CH<\/p>\n","protected":false},"featured_media":56437,"template":"","meta":[],"product_brand":[],"product_cat":[253],"product_tag":[51],"class_list":{"0":"post-42939","1":"product","2":"type-product","3":"status-publish","4":"has-post-thumbnail","6":"product_cat-hombre_textil_sudaderas","7":"product_tag-champion","8":"pa_color-unico","9":"pa_talla-l","10":"thunk-woo-product-list","11":"opn-qv-enable","12":"open-woo-hover-","13":"open-single-product-tab-horizontal","14":"open-shadow-","15":"open-shadow-hover-","17":"first","18":"instock","19":"shipping-taxable","20":"purchasable","21":"product-type-variable"},"jetpack_sharing_enabled":true,"_links":{"self":[{"href":"https:\/\/www.deporteseli.com\/index.php?rest_route=\/wp\/v2\/product\/42939","targetHints":{"allow":["GET"]}}],"collection":[{"href":"https:\/\/www.deporteseli.com\/index.php?rest_route=\/wp\/v2\/product"}],"about":[{"href":"https:\/\/www.deporteseli.com\/index.php?rest_route=\/wp\/v2\/types\/product"}],"wp:featuredmedia":[{"embeddable":true,"href":"https:\/\/www.deporteseli.com\/index.php?rest_route=\/wp\/v2\/media\/56437"}],"wp:attachment":[{"href":"https:\/\/www.deporteseli.com\/index.php?rest_route=%2Fwp%2Fv2%2Fmedia&parent=42939"}],"wp:term":[{"taxonomy":"product_brand","embeddable":true,"href":"https:\/\/www.deporteseli.com\/index.php?rest_route=%2Fwp%2Fv2%2Fproduct_brand&post=42939"},{"taxonomy":"product_cat","embeddable":true,"href":"https:\/\/www.deporteseli.com\/index.php?rest_route=%2Fwp%2Fv2%2Fproduct_cat&post=42939"},{"taxonomy":"product_tag","embeddable":true,"href":"https:\/\/www.deporteseli.com\/index.php?rest_route=%2Fwp%2Fv2%2Fproduct_tag&post=42939"}],"curies":[{"name":"wp","href":"https:\/\/api.w.org\/{rel}","templated":true}]}}