{"id":42931,"date":"2026-01-27T19:53:35","date_gmt":"2026-01-27T19:53:35","guid":{"rendered":"https:\/\/www.deporteseli.com\/?product=chandal-champion-306898"},"modified":"2026-03-07T06:03:50","modified_gmt":"2026-03-07T06:03:50","slug":"chandal-champion-306898","status":"publish","type":"product","link":"https:\/\/www.deporteseli.com\/?product=chandal-champion-306898","title":{"rendered":"CHANDAL CHAMPION 306898"},"content":{"rendered":"<p>El conjunto con capucha y cremallera completa para ni\u00f1os Champion es la combinaci\u00f3n perfecta de comodidad, calidez y estilo para tu peque\u00f1o. Este conjunto de dos piezas incluye una sudadera con capucha y cremallera completa y pantalones deportivos a juego, ambos confeccionados con una suave tela de mezcla de algod\u00f3n que ofrece una sensaci\u00f3n c\u00f3moda y acogedora. La sudadera con capucha tiene una cremallera completa para pon\u00e9rsela f\u00e1cilmente, una capucha para mayor calidez y el logotipo caracter\u00edstico de Champion en el pecho. Los pantalones deportivos est\u00e1n dise\u00f1ados con una cinturilla el\u00e1stica y pu\u00f1os de tobillo acanalados para un ajuste seguro que se mueve con tu beb\u00e9 mientras juega y explora. Perfecto para los d\u00edas fr\u00edos, este conjunto proporciona flexibilidad y comodidad, lo que lo hace ideal tanto para uso activo como informal. Disponible en una variedad de colores y tama\u00f1os, el conjunto con capucha y cremallera completa para ni\u00f1os Champion tambi\u00e9n se puede lavar a m\u00e1quina, lo que facilita su cuidado y mantiene a tu beb\u00e9 fresco y c\u00f3modo.                                                                                                                                                                                                                                                                                                                                                                                                                                                                                                                                                                                                                                                                                                                                                                                                                                                                                                                                                                                                                                        <\/p>\n","protected":false},"excerpt":{"rendered":"<p>CHANDAL CHAMPION 306898<\/p>\n","protected":false},"featured_media":56431,"template":"","meta":[],"product_brand":[],"product_cat":[298],"product_tag":[51],"class_list":{"0":"post-42931","1":"product","2":"type-product","3":"status-publish","4":"has-post-thumbnail","6":"product_cat-nino_textil_chandals","7":"product_tag-champion","8":"pa_color-unico","9":"pa_talla-103","10":"pa_talla-167","11":"thunk-woo-product-list","12":"opn-qv-enable","13":"open-woo-hover-","14":"open-single-product-tab-horizontal","15":"open-shadow-","16":"open-shadow-hover-","18":"first","19":"instock","20":"shipping-taxable","21":"purchasable","22":"product-type-variable"},"jetpack_sharing_enabled":true,"_links":{"self":[{"href":"https:\/\/www.deporteseli.com\/index.php?rest_route=\/wp\/v2\/product\/42931","targetHints":{"allow":["GET"]}}],"collection":[{"href":"https:\/\/www.deporteseli.com\/index.php?rest_route=\/wp\/v2\/product"}],"about":[{"href":"https:\/\/www.deporteseli.com\/index.php?rest_route=\/wp\/v2\/types\/product"}],"wp:featuredmedia":[{"embeddable":true,"href":"https:\/\/www.deporteseli.com\/index.php?rest_route=\/wp\/v2\/media\/56431"}],"wp:attachment":[{"href":"https:\/\/www.deporteseli.com\/index.php?rest_route=%2Fwp%2Fv2%2Fmedia&parent=42931"}],"wp:term":[{"taxonomy":"product_brand","embeddable":true,"href":"https:\/\/www.deporteseli.com\/index.php?rest_route=%2Fwp%2Fv2%2Fproduct_brand&post=42931"},{"taxonomy":"product_cat","embeddable":true,"href":"https:\/\/www.deporteseli.com\/index.php?rest_route=%2Fwp%2Fv2%2Fproduct_cat&post=42931"},{"taxonomy":"product_tag","embeddable":true,"href":"https:\/\/www.deporteseli.com\/index.php?rest_route=%2Fwp%2Fv2%2Fproduct_tag&post=42931"}],"curies":[{"name":"wp","href":"https:\/\/api.w.org\/{rel}","templated":true}]}}