{"id":42924,"date":"2026-01-27T19:53:24","date_gmt":"2026-01-27T19:53:24","guid":{"rendered":"https:\/\/www.deporteseli.com\/?product=camiseta-champion"},"modified":"2026-03-07T06:03:43","modified_gmt":"2026-03-07T06:03:43","slug":"camiseta-champion","status":"publish","type":"product","link":"https:\/\/www.deporteseli.com\/?product=camiseta-champion","title":{"rendered":"CAMISETA CHAMPION"},"content":{"rendered":"<p>La camiseta infantil Champion 306842 es una prenda vers\u00e1til, adecuada para el d\u00eda a d\u00eda o para actividades deportivas. Est\u00e1 fabricado con un material de alta calidad, 100% algod\u00f3n, que garantiza comodidad y durabilidad, al tiempo que permite que la piel respire durante su uso.    Caracter\u00edsticas clave de la camiseta para ni\u00f1os Champion 306842:    Material : Tejido suave y ligero que proporciona una sensaci\u00f3n agradable en la piel y es duradero al mismo tiempo.  Corte : Un corte cl\u00e1sico que permite un f\u00e1cil movimiento, adecuado para jugar o para uso informal.  Logotipo de Champion : El logotipo distintivo de Champion suele colocarse en la parte delantera de la camiseta, a\u00f1adiendo un aspecto deportivo y moderno.  F\u00e1cil mantenimiento : Material f\u00e1cil de lavar y que mantiene su forma incluso despu\u00e9s de m\u00faltiples lavados.  Variedad de colores : La camiseta est\u00e1 disponible en diferentes colores, lo que permite a los ni\u00f1os elegir seg\u00fan su gusto.  La camiseta para ni\u00f1os Champion 306842 es popular entre los padres por su calidad y durabilidad, mientras que a los ni\u00f1os les encanta por la comodidad y el aspecto moderno que ofrece.                                                                                                                                                                                                                                                                                                                                                                                                                                                                                                                                                                                                                                                                                                                                                                                                                                                                                                                                                                                                                                        <\/p>\n","protected":false},"excerpt":{"rendered":"<p>CAMISETA CHAMPION<\/p>\n","protected":false},"featured_media":56428,"template":"","meta":[],"product_brand":[],"product_cat":[296],"product_tag":[51],"class_list":{"0":"post-42924","1":"product","2":"type-product","3":"status-publish","4":"has-post-thumbnail","6":"product_cat-nino_textil_camisetas","7":"product_tag-champion","8":"pa_color-unico","9":"pa_talla-m","10":"pa_talla-s","11":"thunk-woo-product-list","12":"opn-qv-enable","13":"open-woo-hover-","14":"open-single-product-tab-horizontal","15":"open-shadow-","16":"open-shadow-hover-","18":"first","19":"instock","20":"shipping-taxable","21":"purchasable","22":"product-type-variable"},"jetpack_sharing_enabled":true,"_links":{"self":[{"href":"https:\/\/www.deporteseli.com\/index.php?rest_route=\/wp\/v2\/product\/42924","targetHints":{"allow":["GET"]}}],"collection":[{"href":"https:\/\/www.deporteseli.com\/index.php?rest_route=\/wp\/v2\/product"}],"about":[{"href":"https:\/\/www.deporteseli.com\/index.php?rest_route=\/wp\/v2\/types\/product"}],"wp:featuredmedia":[{"embeddable":true,"href":"https:\/\/www.deporteseli.com\/index.php?rest_route=\/wp\/v2\/media\/56428"}],"wp:attachment":[{"href":"https:\/\/www.deporteseli.com\/index.php?rest_route=%2Fwp%2Fv2%2Fmedia&parent=42924"}],"wp:term":[{"taxonomy":"product_brand","embeddable":true,"href":"https:\/\/www.deporteseli.com\/index.php?rest_route=%2Fwp%2Fv2%2Fproduct_brand&post=42924"},{"taxonomy":"product_cat","embeddable":true,"href":"https:\/\/www.deporteseli.com\/index.php?rest_route=%2Fwp%2Fv2%2Fproduct_cat&post=42924"},{"taxonomy":"product_tag","embeddable":true,"href":"https:\/\/www.deporteseli.com\/index.php?rest_route=%2Fwp%2Fv2%2Fproduct_tag&post=42924"}],"curies":[{"name":"wp","href":"https:\/\/api.w.org\/{rel}","templated":true}]}}