{"id":42916,"date":"2026-01-27T19:53:14","date_gmt":"2026-01-27T19:53:14","guid":{"rendered":"https:\/\/www.deporteseli.com\/?product=bolso-champion-806022"},"modified":"2026-01-27T19:53:15","modified_gmt":"2026-01-27T19:53:15","slug":"bolso-champion-806022","status":"publish","type":"product","link":"https:\/\/www.deporteseli.com\/?product=bolso-champion-806022","title":{"rendered":"BOLSO CHAMPION 806022"},"content":{"rendered":"<p>DESCRIPCI\u00d3N DEL PRODUCTO  &#8211; Ri\u00f1onera de Champion    &#8211; Logotipo de campe\u00f3n    &#8211; Compartimento principal con cremallera    &#8211; bolsillo delantero con cremallera    &#8211; compartimento abierto en la parte trasera    &#8211; correa larga y ajustable    &#8211; Volumen: 0,5 L    El producto es nuevo, original con un juego de etiquetas y en su embalaje original.                                                                                                                                                                                                                                                                                                                                                                                                                                                                                                                                                                                                                                                                                                                                                                                                                                                                                                                                                                                                                                        <\/p>\n","protected":false},"excerpt":{"rendered":"<p>BOLSO CHAMPION 806022<\/p>\n","protected":false},"featured_media":56418,"template":"","meta":[],"product_brand":[],"product_cat":[423],"product_tag":[51],"class_list":{"0":"post-42916","1":"product","2":"type-product","3":"status-publish","4":"has-post-thumbnail","6":"product_cat-accesorios_bandoleras","7":"product_tag-champion","8":"pa_color-marino","9":"pa_talla-unica","10":"thunk-woo-product-list","11":"opn-qv-enable","12":"open-woo-hover-","13":"open-single-product-tab-horizontal","14":"open-shadow-","15":"open-shadow-hover-","17":"first","18":"instock","19":"shipping-taxable","20":"purchasable","21":"product-type-variable"},"jetpack_sharing_enabled":true,"_links":{"self":[{"href":"https:\/\/www.deporteseli.com\/index.php?rest_route=\/wp\/v2\/product\/42916","targetHints":{"allow":["GET"]}}],"collection":[{"href":"https:\/\/www.deporteseli.com\/index.php?rest_route=\/wp\/v2\/product"}],"about":[{"href":"https:\/\/www.deporteseli.com\/index.php?rest_route=\/wp\/v2\/types\/product"}],"wp:featuredmedia":[{"embeddable":true,"href":"https:\/\/www.deporteseli.com\/index.php?rest_route=\/wp\/v2\/media\/56418"}],"wp:attachment":[{"href":"https:\/\/www.deporteseli.com\/index.php?rest_route=%2Fwp%2Fv2%2Fmedia&parent=42916"}],"wp:term":[{"taxonomy":"product_brand","embeddable":true,"href":"https:\/\/www.deporteseli.com\/index.php?rest_route=%2Fwp%2Fv2%2Fproduct_brand&post=42916"},{"taxonomy":"product_cat","embeddable":true,"href":"https:\/\/www.deporteseli.com\/index.php?rest_route=%2Fwp%2Fv2%2Fproduct_cat&post=42916"},{"taxonomy":"product_tag","embeddable":true,"href":"https:\/\/www.deporteseli.com\/index.php?rest_route=%2Fwp%2Fv2%2Fproduct_tag&post=42916"}],"curies":[{"name":"wp","href":"https:\/\/api.w.org\/{rel}","templated":true}]}}