{"id":42911,"date":"2026-01-27T19:53:06","date_gmt":"2026-01-27T19:53:06","guid":{"rendered":"https:\/\/www.deporteseli.com\/?product=leggins-de-entrenamiento-versatiles"},"modified":"2026-03-07T06:03:40","modified_gmt":"2026-03-07T06:03:40","slug":"leggins-de-entrenamiento-versatiles","status":"publish","type":"product","link":"https:\/\/www.deporteseli.com\/?product=leggins-de-entrenamiento-versatiles","title":{"rendered":"LEGGINS DE ENTRENAMIENTO VERS\u00e1TILES"},"content":{"rendered":"<p>LEGGINS DE ENTRENAMIENTO VERS\u00c1TILES CON UN ESTAMPADO GR\u00c1FICO LLAMATIVO    Estos leggins son perfectos para pasar del entrenamiento a los planes de despu\u00e9s. Est\u00e1n confeccionados con un tejido el\u00e1stico que estiliza la silueta y cuentan con una cinturilla ancha y de talle alto que proporciona sujeci\u00f3n. El estampado de safari abstracto en los laterales los transforma en un dise\u00f1o verdaderamente llamativo.  Informaci\u00f3n Del Producto  Negro y gris claro  Punto el\u00e1stico  Cinturilla alta el\u00e1stica  Gr\u00e1fico estampado en los laterales  Logo estampado en la parte posterior  Costuras planas  Corte ajustado  ID del modelo: 100206427                                                                                                                                                                                                                                                                                                                                                                                                                                                                                                                                                                                                                                                                                                                                                                                                                                                                                                                                                                                                                                        <\/p>\n","protected":false},"excerpt":{"rendered":"<p>LEGGINS DE ENTRENAMIENTO VERS\u00e1TILES<\/p>\n","protected":false},"featured_media":56412,"template":"","meta":[],"product_brand":[],"product_cat":[281],"product_tag":[41],"class_list":{"0":"post-42911","1":"product","2":"type-product","3":"status-publish","4":"has-post-thumbnail","6":"product_cat-mujer_textil_mallas","7":"product_tag-reebok","8":"pa_color-unico","9":"pa_talla-m","10":"pa_talla-s","11":"thunk-woo-product-list","12":"opn-qv-enable","13":"open-woo-hover-","14":"open-single-product-tab-horizontal","15":"open-shadow-","16":"open-shadow-hover-","18":"first","19":"instock","20":"shipping-taxable","21":"purchasable","22":"product-type-variable"},"jetpack_sharing_enabled":true,"_links":{"self":[{"href":"https:\/\/www.deporteseli.com\/index.php?rest_route=\/wp\/v2\/product\/42911","targetHints":{"allow":["GET"]}}],"collection":[{"href":"https:\/\/www.deporteseli.com\/index.php?rest_route=\/wp\/v2\/product"}],"about":[{"href":"https:\/\/www.deporteseli.com\/index.php?rest_route=\/wp\/v2\/types\/product"}],"wp:featuredmedia":[{"embeddable":true,"href":"https:\/\/www.deporteseli.com\/index.php?rest_route=\/wp\/v2\/media\/56412"}],"wp:attachment":[{"href":"https:\/\/www.deporteseli.com\/index.php?rest_route=%2Fwp%2Fv2%2Fmedia&parent=42911"}],"wp:term":[{"taxonomy":"product_brand","embeddable":true,"href":"https:\/\/www.deporteseli.com\/index.php?rest_route=%2Fwp%2Fv2%2Fproduct_brand&post=42911"},{"taxonomy":"product_cat","embeddable":true,"href":"https:\/\/www.deporteseli.com\/index.php?rest_route=%2Fwp%2Fv2%2Fproduct_cat&post=42911"},{"taxonomy":"product_tag","embeddable":true,"href":"https:\/\/www.deporteseli.com\/index.php?rest_route=%2Fwp%2Fv2%2Fproduct_tag&post=42911"}],"curies":[{"name":"wp","href":"https:\/\/api.w.org\/{rel}","templated":true}]}}