{"id":42907,"date":"2026-01-27T19:53:00","date_gmt":"2026-01-27T19:53:00","guid":{"rendered":"https:\/\/www.deporteseli.com\/?product=chandal-j-smith-cercedo-2"},"modified":"2026-04-23T04:17:46","modified_gmt":"2026-04-23T04:17:46","slug":"chandal-j-smith-cercedo-2","status":"publish","type":"product","link":"https:\/\/www.deporteseli.com\/?product=chandal-j-smith-cercedo-2","title":{"rendered":"CHANDAL J.SMITH CERCEDO"},"content":{"rendered":"<p>DESCRIPCI\u00d3N  Ch\u00e1ndal de tricot de poli\u00e9ster, abierto con cremallera.    Paneles a contraste y banda personalizada en manga y pantal\u00f3n.    Pu\u00f1os y bajo en rib el\u00e1stico.    Pantal\u00f3n de bajo recto con bolsillos laterales, cinturilla el\u00e1stica con cord\u00f3n para ajustar                                                                                                                                                                                                                                                                                                                                                                                                                                                                                                                                                                                                                                                                                                                                                                                                                                                                                                                                                                                                                                        <\/p>\n","protected":false},"excerpt":{"rendered":"<p>CHANDAL J.SMITH CERCEDO<\/p>\n","protected":false},"featured_media":56408,"template":"","meta":[],"product_brand":[],"product_cat":[298],"product_tag":[43],"class_list":{"0":"post-42907","1":"product","2":"type-product","3":"status-publish","4":"has-post-thumbnail","6":"product_cat-nino_textil_chandals","7":"product_tag-jhon_smith","8":"pa_color-unico","9":"pa_talla-t-10","10":"pa_talla-t-14","11":"pa_talla-t-8","12":"thunk-woo-product-list","13":"opn-qv-enable","14":"open-woo-hover-","15":"open-single-product-tab-horizontal","16":"open-shadow-","17":"open-shadow-hover-","19":"first","20":"instock","21":"shipping-taxable","22":"purchasable","23":"product-type-variable"},"jetpack_sharing_enabled":true,"_links":{"self":[{"href":"https:\/\/www.deporteseli.com\/index.php?rest_route=\/wp\/v2\/product\/42907","targetHints":{"allow":["GET"]}}],"collection":[{"href":"https:\/\/www.deporteseli.com\/index.php?rest_route=\/wp\/v2\/product"}],"about":[{"href":"https:\/\/www.deporteseli.com\/index.php?rest_route=\/wp\/v2\/types\/product"}],"wp:featuredmedia":[{"embeddable":true,"href":"https:\/\/www.deporteseli.com\/index.php?rest_route=\/wp\/v2\/media\/56408"}],"wp:attachment":[{"href":"https:\/\/www.deporteseli.com\/index.php?rest_route=%2Fwp%2Fv2%2Fmedia&parent=42907"}],"wp:term":[{"taxonomy":"product_brand","embeddable":true,"href":"https:\/\/www.deporteseli.com\/index.php?rest_route=%2Fwp%2Fv2%2Fproduct_brand&post=42907"},{"taxonomy":"product_cat","embeddable":true,"href":"https:\/\/www.deporteseli.com\/index.php?rest_route=%2Fwp%2Fv2%2Fproduct_cat&post=42907"},{"taxonomy":"product_tag","embeddable":true,"href":"https:\/\/www.deporteseli.com\/index.php?rest_route=%2Fwp%2Fv2%2Fproduct_tag&post=42907"}],"curies":[{"name":"wp","href":"https:\/\/api.w.org\/{rel}","templated":true}]}}