{"id":42904,"date":"2026-01-27T19:52:56","date_gmt":"2026-01-27T19:52:56","guid":{"rendered":"https:\/\/www.deporteseli.com\/?product=chandal-j-smith-cercedo"},"modified":"2026-03-07T06:03:33","modified_gmt":"2026-03-07T06:03:33","slug":"chandal-j-smith-cercedo","status":"publish","type":"product","link":"https:\/\/www.deporteseli.com\/?product=chandal-j-smith-cercedo","title":{"rendered":"CHANDAL J.SMITH CERCEDO"},"content":{"rendered":"<p>DESCRIPCI\u00d3N  Ch\u00e1ndal de tricot de poli\u00e9ster, abierto con cremallera.    Paneles a contraste y banda personalizada en manga y pantal\u00f3n.    Pu\u00f1os y bajo en rib el\u00e1stico.    Pantal\u00f3n de bajo recto con bolsillos laterales, cinturilla el\u00e1stica con cord\u00f3n para ajustar                                                                                                                                                                                                                                                                                                                                                                                                                                                                                                                                                                                                                                                                                                                                                                                                                                                                                                                                                                                                                                        <\/p>\n","protected":false},"excerpt":{"rendered":"<p>CHANDAL J.SMITH CERCEDO<\/p>\n","protected":false},"featured_media":56404,"template":"","meta":[],"product_brand":[],"product_cat":[248],"product_tag":[43],"class_list":{"0":"post-42904","1":"product","2":"type-product","3":"status-publish","4":"has-post-thumbnail","6":"product_cat-hombre_textil_chandals","7":"product_tag-jhon_smith","8":"pa_color-unico","9":"pa_talla-s","10":"pa_talla-xxxl","11":"thunk-woo-product-list","12":"opn-qv-enable","13":"open-woo-hover-","14":"open-single-product-tab-horizontal","15":"open-shadow-","16":"open-shadow-hover-","18":"first","19":"instock","20":"shipping-taxable","21":"purchasable","22":"product-type-variable"},"jetpack_sharing_enabled":true,"_links":{"self":[{"href":"https:\/\/www.deporteseli.com\/index.php?rest_route=\/wp\/v2\/product\/42904","targetHints":{"allow":["GET"]}}],"collection":[{"href":"https:\/\/www.deporteseli.com\/index.php?rest_route=\/wp\/v2\/product"}],"about":[{"href":"https:\/\/www.deporteseli.com\/index.php?rest_route=\/wp\/v2\/types\/product"}],"wp:featuredmedia":[{"embeddable":true,"href":"https:\/\/www.deporteseli.com\/index.php?rest_route=\/wp\/v2\/media\/56404"}],"wp:attachment":[{"href":"https:\/\/www.deporteseli.com\/index.php?rest_route=%2Fwp%2Fv2%2Fmedia&parent=42904"}],"wp:term":[{"taxonomy":"product_brand","embeddable":true,"href":"https:\/\/www.deporteseli.com\/index.php?rest_route=%2Fwp%2Fv2%2Fproduct_brand&post=42904"},{"taxonomy":"product_cat","embeddable":true,"href":"https:\/\/www.deporteseli.com\/index.php?rest_route=%2Fwp%2Fv2%2Fproduct_cat&post=42904"},{"taxonomy":"product_tag","embeddable":true,"href":"https:\/\/www.deporteseli.com\/index.php?rest_route=%2Fwp%2Fv2%2Fproduct_tag&post=42904"}],"curies":[{"name":"wp","href":"https:\/\/api.w.org\/{rel}","templated":true}]}}