{"id":42897,"date":"2026-01-27T19:52:46","date_gmt":"2026-01-27T19:52:46","guid":{"rendered":"https:\/\/www.deporteseli.com\/?product=sudadera-bullpadel-naos-pomelo"},"modified":"2026-03-07T06:03:27","modified_gmt":"2026-03-07T06:03:27","slug":"sudadera-bullpadel-naos-pomelo","status":"publish","type":"product","link":"https:\/\/www.deporteseli.com\/?product=sudadera-bullpadel-naos-pomelo","title":{"rendered":"SUDADERA BULLPADEL NAOS POMELO"},"content":{"rendered":"<p>Sudadera con capucha de nuestra l\u00ednea Winter. Confeccionada en Interlock de poli\u00e9ster el\u00e1stico, presenta inserciones en las mangas de Waffle. El dise\u00f1o cuenta con bolsillo de tipo canguro y rib en los pu\u00f1os y bajo.    Gracias a su acabado Termalflex, que consigue aunar tecnolog\u00eda y confort, la sudadera mantiene un tejido suave, resistente, transpirable y con retenci\u00f3n t\u00e9rmica, pero adem\u00e1s se ajusta a la perfecci\u00f3n a tu ergonom\u00eda para facilitar los movimientos en la pista.                                                                                                                                                                                                                                                                                                                                                                                                                                                                                                                                                                                                                                                                                                                                                                                                                                                                                                                                                                                                                                        <\/p>\n","protected":false},"excerpt":{"rendered":"<p>SUDADERA BULLPADEL NAOS POMELO<\/p>\n","protected":false},"featured_media":56398,"template":"","meta":[],"product_brand":[],"product_cat":[368],"product_tag":[21],"class_list":{"0":"post-42897","1":"product","2":"type-product","3":"status-publish","4":"has-post-thumbnail","6":"product_cat-padel_y_tenis_textil_sudaderas","7":"product_tag-bull_padel","8":"pa_color-unico","9":"pa_talla-l","10":"pa_talla-m","11":"pa_talla-s","12":"pa_talla-xl","13":"thunk-woo-product-list","14":"opn-qv-enable","15":"open-woo-hover-","16":"open-single-product-tab-horizontal","17":"open-shadow-","18":"open-shadow-hover-","20":"first","21":"instock","22":"shipping-taxable","23":"purchasable","24":"product-type-variable"},"jetpack_sharing_enabled":true,"_links":{"self":[{"href":"https:\/\/www.deporteseli.com\/index.php?rest_route=\/wp\/v2\/product\/42897","targetHints":{"allow":["GET"]}}],"collection":[{"href":"https:\/\/www.deporteseli.com\/index.php?rest_route=\/wp\/v2\/product"}],"about":[{"href":"https:\/\/www.deporteseli.com\/index.php?rest_route=\/wp\/v2\/types\/product"}],"wp:featuredmedia":[{"embeddable":true,"href":"https:\/\/www.deporteseli.com\/index.php?rest_route=\/wp\/v2\/media\/56398"}],"wp:attachment":[{"href":"https:\/\/www.deporteseli.com\/index.php?rest_route=%2Fwp%2Fv2%2Fmedia&parent=42897"}],"wp:term":[{"taxonomy":"product_brand","embeddable":true,"href":"https:\/\/www.deporteseli.com\/index.php?rest_route=%2Fwp%2Fv2%2Fproduct_brand&post=42897"},{"taxonomy":"product_cat","embeddable":true,"href":"https:\/\/www.deporteseli.com\/index.php?rest_route=%2Fwp%2Fv2%2Fproduct_cat&post=42897"},{"taxonomy":"product_tag","embeddable":true,"href":"https:\/\/www.deporteseli.com\/index.php?rest_route=%2Fwp%2Fv2%2Fproduct_tag&post=42897"}],"curies":[{"name":"wp","href":"https:\/\/api.w.org\/{rel}","templated":true}]}}