{"id":42893,"date":"2026-01-27T19:52:40","date_gmt":"2026-01-27T19:52:40","guid":{"rendered":"https:\/\/www.deporteseli.com\/?product=camiseta-bullpadel-oroso-azul-noche"},"modified":"2026-03-07T06:03:19","modified_gmt":"2026-03-07T06:03:19","slug":"camiseta-bullpadel-oroso-azul-noche","status":"publish","type":"product","link":"https:\/\/www.deporteseli.com\/?product=camiseta-bullpadel-oroso-azul-noche","title":{"rendered":"CAMISETA BULLPADEL OROSO AZUL NOCHE"},"content":{"rendered":"<p>Tank top de tirantes con silueta amplia de nuestra l\u00ednea Purecolor. El dise\u00f1o, confeccionado en punto de nylon el\u00e1stico, presenta la espalda con Mesh rayado y perforaciones l\u00e1ser que favorecen la ventilaci\u00f3n.    Est\u00e1 decorada con un print reflectante de la colecci\u00f3n y, gracias a su tejido ultraligero formado por micro-filamentos de nylon con elast\u00e1n, ligero y de calidad t\u00e9cnica, proporciona gran libertad de movimiento, confort y funcionalidad. Adem\u00e1s, al incorporar la tecnolog\u00eda Drylum, es hidr\u00f3fobo y transpirable.                                                                                                                                                                                                                                                                                                                                                                                                                                                                                                                                                                                                                                                                                                                                                                                                                                                                                                                                                                                                                                        <\/p>\n","protected":false},"excerpt":{"rendered":"<p>CAMISETA BULLPADEL OROSO AZUL NOCHE<\/p>\n","protected":false},"featured_media":56390,"template":"","meta":[],"product_brand":[],"product_cat":[364],"product_tag":[21],"class_list":{"0":"post-42893","1":"product","2":"type-product","3":"status-publish","4":"has-post-thumbnail","6":"product_cat-padel_y_tenis_textil_camisas","7":"product_tag-bull_padel","8":"pa_color-unico","9":"pa_talla-m","10":"thunk-woo-product-list","11":"opn-qv-enable","12":"open-woo-hover-","13":"open-single-product-tab-horizontal","14":"open-shadow-","15":"open-shadow-hover-","17":"first","18":"instock","19":"shipping-taxable","20":"purchasable","21":"product-type-variable"},"jetpack_sharing_enabled":true,"_links":{"self":[{"href":"https:\/\/www.deporteseli.com\/index.php?rest_route=\/wp\/v2\/product\/42893","targetHints":{"allow":["GET"]}}],"collection":[{"href":"https:\/\/www.deporteseli.com\/index.php?rest_route=\/wp\/v2\/product"}],"about":[{"href":"https:\/\/www.deporteseli.com\/index.php?rest_route=\/wp\/v2\/types\/product"}],"wp:featuredmedia":[{"embeddable":true,"href":"https:\/\/www.deporteseli.com\/index.php?rest_route=\/wp\/v2\/media\/56390"}],"wp:attachment":[{"href":"https:\/\/www.deporteseli.com\/index.php?rest_route=%2Fwp%2Fv2%2Fmedia&parent=42893"}],"wp:term":[{"taxonomy":"product_brand","embeddable":true,"href":"https:\/\/www.deporteseli.com\/index.php?rest_route=%2Fwp%2Fv2%2Fproduct_brand&post=42893"},{"taxonomy":"product_cat","embeddable":true,"href":"https:\/\/www.deporteseli.com\/index.php?rest_route=%2Fwp%2Fv2%2Fproduct_cat&post=42893"},{"taxonomy":"product_tag","embeddable":true,"href":"https:\/\/www.deporteseli.com\/index.php?rest_route=%2Fwp%2Fv2%2Fproduct_tag&post=42893"}],"curies":[{"name":"wp","href":"https:\/\/api.w.org\/{rel}","templated":true}]}}