{"id":42885,"date":"2026-01-27T19:52:29","date_gmt":"2026-01-27T19:52:29","guid":{"rendered":"https:\/\/www.deporteseli.com\/?product=camiseta-bullpadel-merga-curcuma"},"modified":"2026-03-07T06:03:12","modified_gmt":"2026-03-07T06:03:12","slug":"camiseta-bullpadel-merga-curcuma","status":"publish","type":"product","link":"https:\/\/www.deporteseli.com\/?product=camiseta-bullpadel-merga-curcuma","title":{"rendered":"CAMISETA BULLPADEL MERGA CURCUMA"},"content":{"rendered":"<p>Camiseta de alta calidad con estampado completo de la l\u00ednea M\u00e1ster. El dise\u00f1o, que presenta detalles a contraste en la manga, est\u00e1 decorado con prints y etiqueta reflectante de la colecci\u00f3n, y en la espalda se le ha a\u00f1adido un detalle con perforaci\u00f3n l\u00e1ser para favorecer la ventilaci\u00f3n.    Est\u00e1 fabricada con tejido t\u00e9cnico y ligero de poli\u00e9ster el\u00e1stico, dotando a la prenda de un mayor confort y funcionalidad. Adem\u00e1s, incorpora la tecnolog\u00eda Drynamic, que utiliza micro-filamentos para reducir la humedad y favorecer la transpiraci\u00f3n.                                                                                                                                                                                                                                                                                                                                                                                                                                                                                                                                                                                                                                                                                                                                                                                                                                                                                                                                                                                                                                        <\/p>\n","protected":false},"excerpt":{"rendered":"<p>CAMISETA BULLPADEL MERGA CURCUMA<\/p>\n","protected":false},"featured_media":56378,"template":"","meta":[],"product_brand":[],"product_cat":[364],"product_tag":[21],"class_list":{"0":"post-42885","1":"product","2":"type-product","3":"status-publish","4":"has-post-thumbnail","6":"product_cat-padel_y_tenis_textil_camisas","7":"product_tag-bull_padel","8":"pa_color-unico","9":"pa_talla-m","10":"pa_talla-s","11":"thunk-woo-product-list","12":"opn-qv-enable","13":"open-woo-hover-","14":"open-single-product-tab-horizontal","15":"open-shadow-","16":"open-shadow-hover-","18":"first","19":"instock","20":"shipping-taxable","21":"purchasable","22":"product-type-variable"},"jetpack_sharing_enabled":true,"_links":{"self":[{"href":"https:\/\/www.deporteseli.com\/index.php?rest_route=\/wp\/v2\/product\/42885","targetHints":{"allow":["GET"]}}],"collection":[{"href":"https:\/\/www.deporteseli.com\/index.php?rest_route=\/wp\/v2\/product"}],"about":[{"href":"https:\/\/www.deporteseli.com\/index.php?rest_route=\/wp\/v2\/types\/product"}],"wp:featuredmedia":[{"embeddable":true,"href":"https:\/\/www.deporteseli.com\/index.php?rest_route=\/wp\/v2\/media\/56378"}],"wp:attachment":[{"href":"https:\/\/www.deporteseli.com\/index.php?rest_route=%2Fwp%2Fv2%2Fmedia&parent=42885"}],"wp:term":[{"taxonomy":"product_brand","embeddable":true,"href":"https:\/\/www.deporteseli.com\/index.php?rest_route=%2Fwp%2Fv2%2Fproduct_brand&post=42885"},{"taxonomy":"product_cat","embeddable":true,"href":"https:\/\/www.deporteseli.com\/index.php?rest_route=%2Fwp%2Fv2%2Fproduct_cat&post=42885"},{"taxonomy":"product_tag","embeddable":true,"href":"https:\/\/www.deporteseli.com\/index.php?rest_route=%2Fwp%2Fv2%2Fproduct_tag&post=42885"}],"curies":[{"name":"wp","href":"https:\/\/api.w.org\/{rel}","templated":true}]}}