{"id":42878,"date":"2026-01-27T19:52:15","date_gmt":"2026-01-27T19:52:15","guid":{"rendered":"https:\/\/www.deporteseli.com\/?product=short-bullpadel-pol-carbon"},"modified":"2026-03-07T06:03:07","modified_gmt":"2026-03-07T06:03:07","slug":"short-bullpadel-pol-carbon","status":"publish","type":"product","link":"https:\/\/www.deporteseli.com\/?product=short-bullpadel-pol-carbon","title":{"rendered":"SHORT BULLPADEL POL CARBON"},"content":{"rendered":"<p>Short con cinturilla alta de nuestra l\u00ednea Power is my Power. Su dise\u00f1o, pensado par esculpir la figura, cuenta con bolsillos y una decoraci\u00f3n con la firma de la colecci\u00f3n en print reflectante. Presenta un perforado con l\u00e1ser a trav\u00e9s de un dise\u00f1o personalizado, que deja intuir la malla interior de punto el\u00e1stico de poli\u00e9ster.    Est\u00e1 confeccionado en un tejido a la plana de poli\u00e9ster el\u00e1stico, ligero y de calidad t\u00e9cnica para aportar confort y funcionalidad, y que adem\u00e1s incorpora la tecnolog\u00eda Binamic, proporcionando una gran libertad de movimiento en dos direcciones  y la tecnolog\u00eda Quickerdry, que utiliza micro-filamentos para reducir la humedad y favorecer la transpiraci\u00f3n.                                                                                                                                                                                                                                                                                                                                                                                                                                                                                                                                                                                                                                                                                                                                                                                                                                                                                                                                                                                                                                        <\/p>\n","protected":false},"excerpt":{"rendered":"<p>SHORT BULLPADEL POL CARBON<\/p>\n","protected":false},"featured_media":56370,"template":"","meta":[],"product_brand":[],"product_cat":[365],"product_tag":[21],"class_list":{"0":"post-42878","1":"product","2":"type-product","3":"status-publish","4":"has-post-thumbnail","6":"product_cat-padel_y_tenis_textil_shorts","7":"product_tag-bull_padel","8":"pa_color-unico","9":"pa_talla-l","10":"pa_talla-m","11":"pa_talla-s","12":"thunk-woo-product-list","13":"opn-qv-enable","14":"open-woo-hover-","15":"open-single-product-tab-horizontal","16":"open-shadow-","17":"open-shadow-hover-","19":"first","20":"instock","21":"shipping-taxable","22":"purchasable","23":"product-type-variable"},"jetpack_sharing_enabled":true,"_links":{"self":[{"href":"https:\/\/www.deporteseli.com\/index.php?rest_route=\/wp\/v2\/product\/42878","targetHints":{"allow":["GET"]}}],"collection":[{"href":"https:\/\/www.deporteseli.com\/index.php?rest_route=\/wp\/v2\/product"}],"about":[{"href":"https:\/\/www.deporteseli.com\/index.php?rest_route=\/wp\/v2\/types\/product"}],"wp:featuredmedia":[{"embeddable":true,"href":"https:\/\/www.deporteseli.com\/index.php?rest_route=\/wp\/v2\/media\/56370"}],"wp:attachment":[{"href":"https:\/\/www.deporteseli.com\/index.php?rest_route=%2Fwp%2Fv2%2Fmedia&parent=42878"}],"wp:term":[{"taxonomy":"product_brand","embeddable":true,"href":"https:\/\/www.deporteseli.com\/index.php?rest_route=%2Fwp%2Fv2%2Fproduct_brand&post=42878"},{"taxonomy":"product_cat","embeddable":true,"href":"https:\/\/www.deporteseli.com\/index.php?rest_route=%2Fwp%2Fv2%2Fproduct_cat&post=42878"},{"taxonomy":"product_tag","embeddable":true,"href":"https:\/\/www.deporteseli.com\/index.php?rest_route=%2Fwp%2Fv2%2Fproduct_tag&post=42878"}],"curies":[{"name":"wp","href":"https:\/\/api.w.org\/{rel}","templated":true}]}}