{"id":42865,"date":"2026-01-27T19:51:55","date_gmt":"2026-01-27T19:51:55","guid":{"rendered":"https:\/\/www.deporteseli.com\/?product=short-bullpadel-malpi-carbon"},"modified":"2026-03-07T06:02:56","modified_gmt":"2026-03-07T06:02:56","slug":"short-bullpadel-malpi-carbon","status":"publish","type":"product","link":"https:\/\/www.deporteseli.com\/?product=short-bullpadel-malpi-carbon","title":{"rendered":"SHORT BULLPADEL MALPI CARBON"},"content":{"rendered":"<p>Bermuda en Tafet\u00e1n el\u00e1stico estampada de la l\u00ednea M\u00e1ster. El dise\u00f1o cuenta con dos bolsillos y malla interior de Mesh. Decorada con prints y etiqueta reflectante de la colecci\u00f3n, est\u00e1 fabricada con tejido t\u00e9cnico y ligero de poli\u00e9ster, dotando a la prenda de confort y funcionalidad. Incorpora la tecnolog\u00eda Binamic para proporcionar gran libertad de movimiento en dos direcciones y la tecnolog\u00eda Quickerdry, que utiliza micro-filamentos para reducir la humedad y favorecer la transpiraci\u00f3n.                                                                                                                                                                                                                                                                                                                                                                                                                                                                                                                                                                                                                                                                                                                                                                                                                                                                                                                                                                                                                                        <\/p>\n","protected":false},"excerpt":{"rendered":"<p>SHORT BULLPADEL MALPI CARBON<\/p>\n","protected":false},"featured_media":56358,"template":"","meta":[],"product_brand":[],"product_cat":[365],"product_tag":[21],"class_list":{"0":"post-42865","1":"product","2":"type-product","3":"status-publish","4":"has-post-thumbnail","6":"product_cat-padel_y_tenis_textil_shorts","7":"product_tag-bull_padel","8":"pa_color-unico","9":"pa_talla-l","10":"pa_talla-m","11":"pa_talla-s","12":"pa_talla-xl","13":"pa_talla-xxl","14":"thunk-woo-product-list","15":"opn-qv-enable","16":"open-woo-hover-","17":"open-single-product-tab-horizontal","18":"open-shadow-","19":"open-shadow-hover-","21":"first","22":"instock","23":"shipping-taxable","24":"purchasable","25":"product-type-variable"},"jetpack_sharing_enabled":true,"_links":{"self":[{"href":"https:\/\/www.deporteseli.com\/index.php?rest_route=\/wp\/v2\/product\/42865","targetHints":{"allow":["GET"]}}],"collection":[{"href":"https:\/\/www.deporteseli.com\/index.php?rest_route=\/wp\/v2\/product"}],"about":[{"href":"https:\/\/www.deporteseli.com\/index.php?rest_route=\/wp\/v2\/types\/product"}],"wp:featuredmedia":[{"embeddable":true,"href":"https:\/\/www.deporteseli.com\/index.php?rest_route=\/wp\/v2\/media\/56358"}],"wp:attachment":[{"href":"https:\/\/www.deporteseli.com\/index.php?rest_route=%2Fwp%2Fv2%2Fmedia&parent=42865"}],"wp:term":[{"taxonomy":"product_brand","embeddable":true,"href":"https:\/\/www.deporteseli.com\/index.php?rest_route=%2Fwp%2Fv2%2Fproduct_brand&post=42865"},{"taxonomy":"product_cat","embeddable":true,"href":"https:\/\/www.deporteseli.com\/index.php?rest_route=%2Fwp%2Fv2%2Fproduct_cat&post=42865"},{"taxonomy":"product_tag","embeddable":true,"href":"https:\/\/www.deporteseli.com\/index.php?rest_route=%2Fwp%2Fv2%2Fproduct_tag&post=42865"}],"curies":[{"name":"wp","href":"https:\/\/api.w.org\/{rel}","templated":true}]}}