{"id":42855,"date":"2026-01-27T19:51:40","date_gmt":"2026-01-27T19:51:40","guid":{"rendered":"https:\/\/www.deporteseli.com\/?product=short-bullpadel-coiris-gris-azulado"},"modified":"2026-03-07T06:02:45","modified_gmt":"2026-03-07T06:02:45","slug":"short-bullpadel-coiris-gris-azulado","status":"publish","type":"product","link":"https:\/\/www.deporteseli.com\/?product=short-bullpadel-coiris-gris-azulado","title":{"rendered":"SHORT BULLPADEL COIRIS GRIS AZULADO"},"content":{"rendered":"<p>Bermuda de la l\u00ednea Court con estampado sutil de la colecci\u00f3n. El dise\u00f1o, decorado con detalles reflectantes, cuenta con braguero interior y una pieza de rejilla en el interior de las perneras para aportar elasticidad y transpirabilidad.    Est\u00e1 fabricada con tejido a la plana t\u00e9cnico y ligero en poli\u00e9ster, dotando a la prenda de confort, flexibilidad y funcionalidad. Adem\u00e1s, incorpora la tecnolog\u00eda Quickerdry, que utiliza micro-filamentos para reducir la humedad y favorecer la transpiraci\u00f3n.                                                                                                                                                                                                                                                                                                                                                                                                                                                                                                                                                                                                                                                                                                                                                                                                                                                                                                                                                                                                                                        <\/p>\n","protected":false},"excerpt":{"rendered":"<p>SHORT BULLPADEL COIRIS GRIS AZULADO<\/p>\n","protected":false},"featured_media":56346,"template":"","meta":[],"product_brand":[],"product_cat":[365],"product_tag":[21],"class_list":{"0":"post-42855","1":"product","2":"type-product","3":"status-publish","4":"has-post-thumbnail","6":"product_cat-padel_y_tenis_textil_shorts","7":"product_tag-bull_padel","8":"pa_color-unico","9":"pa_talla-l","10":"pa_talla-m","11":"pa_talla-s","12":"pa_talla-xxl","13":"thunk-woo-product-list","14":"opn-qv-enable","15":"open-woo-hover-","16":"open-single-product-tab-horizontal","17":"open-shadow-","18":"open-shadow-hover-","20":"first","21":"instock","22":"shipping-taxable","23":"purchasable","24":"product-type-variable"},"jetpack_sharing_enabled":true,"_links":{"self":[{"href":"https:\/\/www.deporteseli.com\/index.php?rest_route=\/wp\/v2\/product\/42855","targetHints":{"allow":["GET"]}}],"collection":[{"href":"https:\/\/www.deporteseli.com\/index.php?rest_route=\/wp\/v2\/product"}],"about":[{"href":"https:\/\/www.deporteseli.com\/index.php?rest_route=\/wp\/v2\/types\/product"}],"wp:featuredmedia":[{"embeddable":true,"href":"https:\/\/www.deporteseli.com\/index.php?rest_route=\/wp\/v2\/media\/56346"}],"wp:attachment":[{"href":"https:\/\/www.deporteseli.com\/index.php?rest_route=%2Fwp%2Fv2%2Fmedia&parent=42855"}],"wp:term":[{"taxonomy":"product_brand","embeddable":true,"href":"https:\/\/www.deporteseli.com\/index.php?rest_route=%2Fwp%2Fv2%2Fproduct_brand&post=42855"},{"taxonomy":"product_cat","embeddable":true,"href":"https:\/\/www.deporteseli.com\/index.php?rest_route=%2Fwp%2Fv2%2Fproduct_cat&post=42855"},{"taxonomy":"product_tag","embeddable":true,"href":"https:\/\/www.deporteseli.com\/index.php?rest_route=%2Fwp%2Fv2%2Fproduct_tag&post=42855"}],"curies":[{"name":"wp","href":"https:\/\/api.w.org\/{rel}","templated":true}]}}