{"id":42839,"date":"2026-01-27T19:51:18","date_gmt":"2026-01-27T19:51:18","guid":{"rendered":"https:\/\/www.deporteseli.com\/?product=polar-bullpadel-bana-negro"},"modified":"2026-03-07T06:02:22","modified_gmt":"2026-03-07T06:02:22","slug":"polar-bullpadel-bana-negro","status":"publish","type":"product","link":"https:\/\/www.deporteseli.com\/?product=polar-bullpadel-bana-negro","title":{"rendered":"POLAR BULLPADEL BANA NEGRO"},"content":{"rendered":"<p>Sudadera con capucha de nuestra l\u00ednea Winter. El dise\u00f1o cuenta con bolsillo de tipo canguro y con un gr\u00e1fico en el pecho de tejido a la plana de poli\u00e9ster biel\u00e1stico. Est\u00e1 fabricada en tejido Micropolar de poli\u00e9ster con interior perchado, c\u00f3modo y c\u00e1lido.                                                                                                                                                                                                                                                                                                                                                                                                                                                                                                                                                                                                                                                                                                                                                                                                                                                                                                                                                                                                                                        <\/p>\n","protected":false},"excerpt":{"rendered":"<p>POLAR BULLPADEL BANA NEGRO<\/p>\n","protected":false},"featured_media":56322,"template":"","meta":[],"product_brand":[],"product_cat":[368],"product_tag":[21],"class_list":{"0":"post-42839","1":"product","2":"type-product","3":"status-publish","4":"has-post-thumbnail","6":"product_cat-padel_y_tenis_textil_sudaderas","7":"product_tag-bull_padel","8":"pa_color-unico","9":"pa_talla-s","10":"thunk-woo-product-list","11":"opn-qv-enable","12":"open-woo-hover-","13":"open-single-product-tab-horizontal","14":"open-shadow-","15":"open-shadow-hover-","17":"first","18":"instock","19":"shipping-taxable","20":"purchasable","21":"product-type-variable"},"jetpack_sharing_enabled":true,"_links":{"self":[{"href":"https:\/\/www.deporteseli.com\/index.php?rest_route=\/wp\/v2\/product\/42839","targetHints":{"allow":["GET"]}}],"collection":[{"href":"https:\/\/www.deporteseli.com\/index.php?rest_route=\/wp\/v2\/product"}],"about":[{"href":"https:\/\/www.deporteseli.com\/index.php?rest_route=\/wp\/v2\/types\/product"}],"wp:featuredmedia":[{"embeddable":true,"href":"https:\/\/www.deporteseli.com\/index.php?rest_route=\/wp\/v2\/media\/56322"}],"wp:attachment":[{"href":"https:\/\/www.deporteseli.com\/index.php?rest_route=%2Fwp%2Fv2%2Fmedia&parent=42839"}],"wp:term":[{"taxonomy":"product_brand","embeddable":true,"href":"https:\/\/www.deporteseli.com\/index.php?rest_route=%2Fwp%2Fv2%2Fproduct_brand&post=42839"},{"taxonomy":"product_cat","embeddable":true,"href":"https:\/\/www.deporteseli.com\/index.php?rest_route=%2Fwp%2Fv2%2Fproduct_cat&post=42839"},{"taxonomy":"product_tag","embeddable":true,"href":"https:\/\/www.deporteseli.com\/index.php?rest_route=%2Fwp%2Fv2%2Fproduct_tag&post=42839"}],"curies":[{"name":"wp","href":"https:\/\/api.w.org\/{rel}","templated":true}]}}