{"id":42830,"date":"2026-01-27T19:51:06","date_gmt":"2026-01-27T19:51:06","guid":{"rendered":"https:\/\/www.deporteseli.com\/?product=falda-bullpadel-petin-carbon"},"modified":"2026-03-07T06:02:15","modified_gmt":"2026-03-07T06:02:15","slug":"falda-bullpadel-petin-carbon","status":"publish","type":"product","link":"https:\/\/www.deporteseli.com\/?product=falda-bullpadel-petin-carbon","title":{"rendered":"FALDA BULLPADEL PETIN CARBON"},"content":{"rendered":"<p>Falda con cinturilla alta de nuestra l\u00ednea Power is my Power. Su dise\u00f1o estampado, pensado par esculpir la figura, cuenta con malla interior del mismo tejido, bolsillo y una decoraci\u00f3n con la firma de la colecci\u00f3n en print reflectante. Est\u00e1 confeccionada en punto de poli\u00e9ster el\u00e1stico, ligero y de calidad t\u00e9cnica, aportando confort y funcionalidad. Adem\u00e1s, incorpora la tecnolog\u00eda Drynamic, que utiliza micro-filamentos para reducir la humedad y favorecr la transpiraci\u00f3n.                                                                                                                                                                                                                                                                                                                                                                                                                                                                                                                                                                                                                                                                                                                                                                                                                                                                                                                                                                                                                                        <\/p>\n","protected":false},"excerpt":{"rendered":"<p>FALDA BULLPADEL PETIN CARBON<\/p>\n","protected":false},"featured_media":56310,"template":"","meta":[],"product_brand":[],"product_cat":[366],"product_tag":[21],"class_list":{"0":"post-42830","1":"product","2":"type-product","3":"status-publish","4":"has-post-thumbnail","6":"product_cat-padel_y_tenis_textil_faldas","7":"product_tag-bull_padel","8":"pa_color-unico","9":"pa_talla-l","10":"pa_talla-m","11":"pa_talla-xl","12":"thunk-woo-product-list","13":"opn-qv-enable","14":"open-woo-hover-","15":"open-single-product-tab-horizontal","16":"open-shadow-","17":"open-shadow-hover-","19":"first","20":"instock","21":"shipping-taxable","22":"purchasable","23":"product-type-variable"},"jetpack_sharing_enabled":true,"_links":{"self":[{"href":"https:\/\/www.deporteseli.com\/index.php?rest_route=\/wp\/v2\/product\/42830","targetHints":{"allow":["GET"]}}],"collection":[{"href":"https:\/\/www.deporteseli.com\/index.php?rest_route=\/wp\/v2\/product"}],"about":[{"href":"https:\/\/www.deporteseli.com\/index.php?rest_route=\/wp\/v2\/types\/product"}],"wp:featuredmedia":[{"embeddable":true,"href":"https:\/\/www.deporteseli.com\/index.php?rest_route=\/wp\/v2\/media\/56310"}],"wp:attachment":[{"href":"https:\/\/www.deporteseli.com\/index.php?rest_route=%2Fwp%2Fv2%2Fmedia&parent=42830"}],"wp:term":[{"taxonomy":"product_brand","embeddable":true,"href":"https:\/\/www.deporteseli.com\/index.php?rest_route=%2Fwp%2Fv2%2Fproduct_brand&post=42830"},{"taxonomy":"product_cat","embeddable":true,"href":"https:\/\/www.deporteseli.com\/index.php?rest_route=%2Fwp%2Fv2%2Fproduct_cat&post=42830"},{"taxonomy":"product_tag","embeddable":true,"href":"https:\/\/www.deporteseli.com\/index.php?rest_route=%2Fwp%2Fv2%2Fproduct_tag&post=42830"}],"curies":[{"name":"wp","href":"https:\/\/api.w.org\/{rel}","templated":true}]}}