{"id":42816,"date":"2026-01-27T19:50:36","date_gmt":"2026-01-27T19:50:36","guid":{"rendered":"https:\/\/www.deporteseli.com\/?product=chandal-jsmith-coiros"},"modified":"2026-03-07T06:01:59","modified_gmt":"2026-03-07T06:01:59","slug":"chandal-jsmith-coiros","status":"publish","type":"product","link":"https:\/\/www.deporteseli.com\/?product=chandal-jsmith-coiros","title":{"rendered":"CHANDAL J,SMITH COIROS"},"content":{"rendered":"<p>DESCRIPCI\u00d3N  Ch\u00e1ndal en felpa con interior perchado.    Chaqueta abierta con bolsillos laterales.    Banda lateral en mangas.    Pu\u00f1os y bajo en canal\u00e9 el\u00e1stico.    Pantal\u00f3n con bolsillos laterales, cinturilla el\u00e1stica con cord\u00f3n para ajustar, bajo recto.                                                                                                                                                                                                                                                                                                                                                                                                                                                                                                                                                                                                                                                                                                                                                                                                                                                                                                                                                                                                                                        <\/p>\n","protected":false},"excerpt":{"rendered":"<p>CHANDAL J,SMITH COIROS<\/p>\n","protected":false},"featured_media":56290,"template":"","meta":[],"product_brand":[],"product_cat":[248],"product_tag":[43],"class_list":{"0":"post-42816","1":"product","2":"type-product","3":"status-publish","4":"has-post-thumbnail","6":"product_cat-hombre_textil_chandals","7":"product_tag-jhon_smith","8":"pa_color-unico","9":"pa_talla-m","10":"thunk-woo-product-list","11":"opn-qv-enable","12":"open-woo-hover-","13":"open-single-product-tab-horizontal","14":"open-shadow-","15":"open-shadow-hover-","17":"first","18":"instock","19":"shipping-taxable","20":"purchasable","21":"product-type-variable"},"jetpack_sharing_enabled":true,"_links":{"self":[{"href":"https:\/\/www.deporteseli.com\/index.php?rest_route=\/wp\/v2\/product\/42816","targetHints":{"allow":["GET"]}}],"collection":[{"href":"https:\/\/www.deporteseli.com\/index.php?rest_route=\/wp\/v2\/product"}],"about":[{"href":"https:\/\/www.deporteseli.com\/index.php?rest_route=\/wp\/v2\/types\/product"}],"wp:featuredmedia":[{"embeddable":true,"href":"https:\/\/www.deporteseli.com\/index.php?rest_route=\/wp\/v2\/media\/56290"}],"wp:attachment":[{"href":"https:\/\/www.deporteseli.com\/index.php?rest_route=%2Fwp%2Fv2%2Fmedia&parent=42816"}],"wp:term":[{"taxonomy":"product_brand","embeddable":true,"href":"https:\/\/www.deporteseli.com\/index.php?rest_route=%2Fwp%2Fv2%2Fproduct_brand&post=42816"},{"taxonomy":"product_cat","embeddable":true,"href":"https:\/\/www.deporteseli.com\/index.php?rest_route=%2Fwp%2Fv2%2Fproduct_cat&post=42816"},{"taxonomy":"product_tag","embeddable":true,"href":"https:\/\/www.deporteseli.com\/index.php?rest_route=%2Fwp%2Fv2%2Fproduct_tag&post=42816"}],"curies":[{"name":"wp","href":"https:\/\/api.w.org\/{rel}","templated":true}]}}