{"id":42813,"date":"2026-01-27T19:50:28","date_gmt":"2026-01-27T19:50:28","guid":{"rendered":"https:\/\/www.deporteseli.com\/?product=short-j-smith-agite"},"modified":"2026-03-07T06:01:58","modified_gmt":"2026-03-07T06:01:58","slug":"short-j-smith-agite","status":"publish","type":"product","link":"https:\/\/www.deporteseli.com\/?product=short-j-smith-agite","title":{"rendered":"SHORT J.SMITH AGITE"},"content":{"rendered":"<p>Pantal\u00f3n corto de running en tejido de tafeta biel\u00e1stica con acabado binamic, tejido con gran libertad de movimientos gracias a su elasticidad en dos direcciones.    Cinturilla  ajustable con cord\u00f3n.    Bolsillos laterales.    Detalles de gr\u00e1ficos en reflectante.    Bolsillo trasero con cremallera.    Suspensor interior de mesh.    Composici\u00f3n: 92% poli\u00e9ster-8% elast\u00e1n, two way spandex taffeta.                                                                                                                                                                                                                                                                                                                                                                                                                                                                                                                                                                                                                                                                                                                                                                                                                                                                                                                                                                                                                                        <\/p>\n","protected":false},"excerpt":{"rendered":"<p>SHORT J.SMITH AGITE<\/p>\n","protected":false},"featured_media":56286,"template":"","meta":[],"product_brand":[],"product_cat":[251],"product_tag":[43],"class_list":{"0":"post-42813","1":"product","2":"type-product","3":"status-publish","4":"has-post-thumbnail","6":"product_cat-hombre_textil_shorts","7":"product_tag-jhon_smith","8":"pa_color-unico","9":"pa_talla-l","10":"pa_talla-s","11":"thunk-woo-product-list","12":"opn-qv-enable","13":"open-woo-hover-","14":"open-single-product-tab-horizontal","15":"open-shadow-","16":"open-shadow-hover-","18":"first","19":"instock","20":"shipping-taxable","21":"purchasable","22":"product-type-variable"},"jetpack_sharing_enabled":true,"_links":{"self":[{"href":"https:\/\/www.deporteseli.com\/index.php?rest_route=\/wp\/v2\/product\/42813","targetHints":{"allow":["GET"]}}],"collection":[{"href":"https:\/\/www.deporteseli.com\/index.php?rest_route=\/wp\/v2\/product"}],"about":[{"href":"https:\/\/www.deporteseli.com\/index.php?rest_route=\/wp\/v2\/types\/product"}],"wp:featuredmedia":[{"embeddable":true,"href":"https:\/\/www.deporteseli.com\/index.php?rest_route=\/wp\/v2\/media\/56286"}],"wp:attachment":[{"href":"https:\/\/www.deporteseli.com\/index.php?rest_route=%2Fwp%2Fv2%2Fmedia&parent=42813"}],"wp:term":[{"taxonomy":"product_brand","embeddable":true,"href":"https:\/\/www.deporteseli.com\/index.php?rest_route=%2Fwp%2Fv2%2Fproduct_brand&post=42813"},{"taxonomy":"product_cat","embeddable":true,"href":"https:\/\/www.deporteseli.com\/index.php?rest_route=%2Fwp%2Fv2%2Fproduct_cat&post=42813"},{"taxonomy":"product_tag","embeddable":true,"href":"https:\/\/www.deporteseli.com\/index.php?rest_route=%2Fwp%2Fv2%2Fproduct_tag&post=42813"}],"curies":[{"name":"wp","href":"https:\/\/api.w.org\/{rel}","templated":true}]}}