{"id":42791,"date":"2026-01-27T19:49:48","date_gmt":"2026-01-27T19:49:48","guid":{"rendered":"https:\/\/www.deporteseli.com\/?product=sudadera-ellesse-sallas"},"modified":"2026-03-07T06:01:49","modified_gmt":"2026-03-07T06:01:49","slug":"sudadera-ellesse-sallas","status":"publish","type":"product","link":"https:\/\/www.deporteseli.com\/?product=sudadera-ellesse-sallas","title":{"rendered":"SUDADERA ELLESSE SALLAS"},"content":{"rendered":"<p>Mejora tu vestuario informal con la sudadera con capucha Ellesse Sallas en azul marino. Esta sudadera con capucha presenta un logotipo destacado en el pecho, que refleja la dedicaci\u00f3n de Ellesse a la artesan\u00eda y el dise\u00f1o superiores. La capucha con cord\u00f3n ofrece mayor comodidad y protecci\u00f3n, mientras que los pu\u00f1os y el dobladillo el\u00e1sticos brindan un ajuste ce\u00f1ido. El bolsillo estilo canguro agrega comodidad y funcionalidad. Confeccionada con materiales de primera calidad, la sudadera con capucha Ellesse Sallas garantiza un uso y una comodidad duraderos. Ideal para diversas actividades, desde salidas informales hasta relajarse en casa, esta sudadera con capucha combina funcionalidad con estilo moderno, lo que la convierte en una pieza esencial para cualquier vestuario.                                                                                                                                                                                                                                                                                                                                                                                                                                                                                                                                                                                                                                                                                                                                                                                                                                                                                                                                                                                                                                        <\/p>\n","protected":false},"excerpt":{"rendered":"<p>SUDADERA ELLESSE SALLAS<\/p>\n","protected":false},"featured_media":56271,"template":"","meta":[],"product_brand":[],"product_cat":[253],"product_tag":[52],"class_list":{"0":"post-42791","1":"product","2":"type-product","3":"status-publish","4":"has-post-thumbnail","6":"product_cat-hombre_textil_sudaderas","7":"product_tag-ellesse","8":"pa_color-unico","9":"pa_talla-l","10":"thunk-woo-product-list","11":"opn-qv-enable","12":"open-woo-hover-","13":"open-single-product-tab-horizontal","14":"open-shadow-","15":"open-shadow-hover-","17":"first","18":"instock","19":"shipping-taxable","20":"purchasable","21":"product-type-variable"},"jetpack_sharing_enabled":true,"_links":{"self":[{"href":"https:\/\/www.deporteseli.com\/index.php?rest_route=\/wp\/v2\/product\/42791","targetHints":{"allow":["GET"]}}],"collection":[{"href":"https:\/\/www.deporteseli.com\/index.php?rest_route=\/wp\/v2\/product"}],"about":[{"href":"https:\/\/www.deporteseli.com\/index.php?rest_route=\/wp\/v2\/types\/product"}],"wp:featuredmedia":[{"embeddable":true,"href":"https:\/\/www.deporteseli.com\/index.php?rest_route=\/wp\/v2\/media\/56271"}],"wp:attachment":[{"href":"https:\/\/www.deporteseli.com\/index.php?rest_route=%2Fwp%2Fv2%2Fmedia&parent=42791"}],"wp:term":[{"taxonomy":"product_brand","embeddable":true,"href":"https:\/\/www.deporteseli.com\/index.php?rest_route=%2Fwp%2Fv2%2Fproduct_brand&post=42791"},{"taxonomy":"product_cat","embeddable":true,"href":"https:\/\/www.deporteseli.com\/index.php?rest_route=%2Fwp%2Fv2%2Fproduct_cat&post=42791"},{"taxonomy":"product_tag","embeddable":true,"href":"https:\/\/www.deporteseli.com\/index.php?rest_route=%2Fwp%2Fv2%2Fproduct_tag&post=42791"}],"curies":[{"name":"wp","href":"https:\/\/api.w.org\/{rel}","templated":true}]}}