{"id":42770,"date":"2026-01-27T19:49:05","date_gmt":"2026-01-27T19:49:05","guid":{"rendered":"https:\/\/www.deporteseli.com\/?product=chandal-de-nino-jhayber-2"},"modified":"2026-03-07T06:01:32","modified_gmt":"2026-03-07T06:01:32","slug":"chandal-de-nino-jhayber-2","status":"publish","type":"product","link":"https:\/\/www.deporteseli.com\/?product=chandal-de-nino-jhayber-2","title":{"rendered":"CH\u00e1NDAL DE NI\u00f1O J&#8217;HAYBER"},"content":{"rendered":"<p>DESCRIPCI\u00d3N  Este ch\u00e1ndal de ni\u00f1o J&#8217;hayber en tonos amarillo y negro combina dise\u00f1o y funcionalidad. La chaqueta, es ligera y resistente, con una capucha ajustable y dos bolsillos laterales tipo canguro. El pantal\u00f3n azul marino incluye el\u00e1stico en la cintura con cord\u00f3n ajustable y dos bolsillos laterales. El interior del conjunto es afelpado para un mayor confort. Perfecto para practicar deportes o para uso diario. FABRICACI\u00d3N: 100% poli\u00e9ster.                                                                                                                                                                                                                                                                                                                                                                                                                                                                                                                                                                                                                                                                                                                                                                                                                                                                                                                                                                                                                                        <\/p>\n","protected":false},"excerpt":{"rendered":"<p>CH\u00e1NDAL DE NI\u00f1O J&#8217;HAYBER<\/p>\n","protected":false},"featured_media":56255,"template":"","meta":[],"product_brand":[],"product_cat":[298],"product_tag":[],"class_list":{"0":"post-42770","1":"product","2":"type-product","3":"status-publish","4":"has-post-thumbnail","6":"product_cat-nino_textil_chandals","7":"pa_color-unico","8":"pa_talla-t-12","9":"pa_talla-t-14","10":"pa_talla-t-16","11":"pa_talla-t-8","12":"thunk-woo-product-list","13":"opn-qv-enable","14":"open-woo-hover-","15":"open-single-product-tab-horizontal","16":"open-shadow-","17":"open-shadow-hover-","19":"first","20":"instock","21":"shipping-taxable","22":"purchasable","23":"product-type-variable"},"jetpack_sharing_enabled":true,"_links":{"self":[{"href":"https:\/\/www.deporteseli.com\/index.php?rest_route=\/wp\/v2\/product\/42770","targetHints":{"allow":["GET"]}}],"collection":[{"href":"https:\/\/www.deporteseli.com\/index.php?rest_route=\/wp\/v2\/product"}],"about":[{"href":"https:\/\/www.deporteseli.com\/index.php?rest_route=\/wp\/v2\/types\/product"}],"wp:featuredmedia":[{"embeddable":true,"href":"https:\/\/www.deporteseli.com\/index.php?rest_route=\/wp\/v2\/media\/56255"}],"wp:attachment":[{"href":"https:\/\/www.deporteseli.com\/index.php?rest_route=%2Fwp%2Fv2%2Fmedia&parent=42770"}],"wp:term":[{"taxonomy":"product_brand","embeddable":true,"href":"https:\/\/www.deporteseli.com\/index.php?rest_route=%2Fwp%2Fv2%2Fproduct_brand&post=42770"},{"taxonomy":"product_cat","embeddable":true,"href":"https:\/\/www.deporteseli.com\/index.php?rest_route=%2Fwp%2Fv2%2Fproduct_cat&post=42770"},{"taxonomy":"product_tag","embeddable":true,"href":"https:\/\/www.deporteseli.com\/index.php?rest_route=%2Fwp%2Fv2%2Fproduct_tag&post=42770"}],"curies":[{"name":"wp","href":"https:\/\/api.w.org\/{rel}","templated":true}]}}