{"id":42755,"date":"2026-01-27T19:48:41","date_gmt":"2026-01-27T19:48:41","guid":{"rendered":"https:\/\/www.deporteseli.com\/?product=sudadera-afelpada-con-capucha"},"modified":"2026-03-07T06:01:16","modified_gmt":"2026-03-07T06:01:16","slug":"sudadera-afelpada-con-capucha","status":"publish","type":"product","link":"https:\/\/www.deporteseli.com\/?product=sudadera-afelpada-con-capucha","title":{"rendered":"SUDADERA AFELPADA CON CAPUCHA"},"content":{"rendered":"<p>DESCRIPCI\u00d3N  Sudadera afelpada con capucha DELTA para hombre en color rojo, gris y negro, fabricada en tejido resistente y ligero. La sudadera est\u00e1 confeccionada con poli\u00e9ster para garantizar su r\u00e1pido secado, elasticidad y flexibilidad, por lo que son perfectas para la pr\u00e1ctica de todo tipo de deportes. Fabricaci\u00f3n: 100% Poli\u00e9ster                                                                                                                                                                                                                                                                                                                                                                                                                                                                                                                                                                                                                                                                                                                                                                                                                                                                                                                                                                                                                                        <\/p>\n","protected":false},"excerpt":{"rendered":"<p>SUDADERA AFELPADA CON CAPUCHA<\/p>\n","protected":false},"featured_media":56247,"template":"","meta":[],"product_brand":[],"product_cat":[253],"product_tag":[],"class_list":{"0":"post-42755","1":"product","2":"type-product","3":"status-publish","4":"has-post-thumbnail","6":"product_cat-hombre_textil_sudaderas","7":"pa_color-unico","8":"pa_talla-m","9":"pa_talla-xl","10":"pa_talla-xxl","11":"thunk-woo-product-list","12":"opn-qv-enable","13":"open-woo-hover-","14":"open-single-product-tab-horizontal","15":"open-shadow-","16":"open-shadow-hover-","18":"first","19":"instock","20":"shipping-taxable","21":"purchasable","22":"product-type-variable"},"jetpack_sharing_enabled":true,"_links":{"self":[{"href":"https:\/\/www.deporteseli.com\/index.php?rest_route=\/wp\/v2\/product\/42755","targetHints":{"allow":["GET"]}}],"collection":[{"href":"https:\/\/www.deporteseli.com\/index.php?rest_route=\/wp\/v2\/product"}],"about":[{"href":"https:\/\/www.deporteseli.com\/index.php?rest_route=\/wp\/v2\/types\/product"}],"wp:featuredmedia":[{"embeddable":true,"href":"https:\/\/www.deporteseli.com\/index.php?rest_route=\/wp\/v2\/media\/56247"}],"wp:attachment":[{"href":"https:\/\/www.deporteseli.com\/index.php?rest_route=%2Fwp%2Fv2%2Fmedia&parent=42755"}],"wp:term":[{"taxonomy":"product_brand","embeddable":true,"href":"https:\/\/www.deporteseli.com\/index.php?rest_route=%2Fwp%2Fv2%2Fproduct_brand&post=42755"},{"taxonomy":"product_cat","embeddable":true,"href":"https:\/\/www.deporteseli.com\/index.php?rest_route=%2Fwp%2Fv2%2Fproduct_cat&post=42755"},{"taxonomy":"product_tag","embeddable":true,"href":"https:\/\/www.deporteseli.com\/index.php?rest_route=%2Fwp%2Fv2%2Fproduct_tag&post=42755"}],"curies":[{"name":"wp","href":"https:\/\/api.w.org\/{rel}","templated":true}]}}