{"id":42744,"date":"2026-01-27T19:48:27","date_gmt":"2026-01-27T19:48:27","guid":{"rendered":"https:\/\/www.deporteseli.com\/?product=camisa-under-armour-1382796"},"modified":"2026-03-07T06:01:05","modified_gmt":"2026-03-07T06:01:05","slug":"camisa-under-armour-1382796","status":"publish","type":"product","link":"https:\/\/www.deporteseli.com\/?product=camisa-under-armour-1382796","title":{"rendered":"CAMISA UNDER ARMOUR 1382796"},"content":{"rendered":"<p>Camiseta funcional, transpirable, suave y ligera para fitness, entrenamiento deportivo o tiempo libre. Absorbe la humedad y de secado r\u00e1pido.  Cuando el clima cambiante requiere una camiseta vers\u00e1til que te mantenga c\u00f3modo en el calor y te abrigue en el fr\u00edo, la camiseta funcional Tech Textured es exactamente la elecci\u00f3n correcta.    La innovadora tecnolog\u00eda Cubic es una estructura 3D especialmente tejida que aumenta la superficie exterior y al mismo tiempo reduce las zonas del interior que entran en contacto con la piel.    Esto significa que el material se seca m\u00e1s r\u00e1pido y no se pega a la piel cuando sudas. El material tambi\u00e9n almacena una fina capa de aire que te calienta cuando hace fr\u00edo y te enfr\u00eda cuando hace calor.    Con un logotipo UA impreso en el lado izquierdo del pecho y en la parte posterior del cuello, esta pr\u00e1ctica camiseta te ser\u00e1 de gran utilidad, ya sea en la vida cotidiana o en tu pr\u00f3xima aventura al aire libre.                                                                                                                                                                                                                                                                                                                                                                                                                                                                                                                                                                                                                                                                                                                                                                                                                                                                                                                                                                                                                                        <\/p>\n","protected":false},"excerpt":{"rendered":"<p>CAMISA UNDER ARMOUR 1382796<\/p>\n","protected":false},"featured_media":56239,"template":"","meta":[],"product_brand":[],"product_cat":[245],"product_tag":[81],"class_list":{"0":"post-42744","1":"product","2":"type-product","3":"status-publish","4":"has-post-thumbnail","6":"product_cat-hombre_textil_camisetas","7":"product_tag-under_armour","8":"pa_color-unico","9":"pa_talla-m","10":"pa_talla-s","11":"thunk-woo-product-list","12":"opn-qv-enable","13":"open-woo-hover-","14":"open-single-product-tab-horizontal","15":"open-shadow-","16":"open-shadow-hover-","18":"first","19":"instock","20":"shipping-taxable","21":"purchasable","22":"product-type-variable"},"jetpack_sharing_enabled":true,"_links":{"self":[{"href":"https:\/\/www.deporteseli.com\/index.php?rest_route=\/wp\/v2\/product\/42744","targetHints":{"allow":["GET"]}}],"collection":[{"href":"https:\/\/www.deporteseli.com\/index.php?rest_route=\/wp\/v2\/product"}],"about":[{"href":"https:\/\/www.deporteseli.com\/index.php?rest_route=\/wp\/v2\/types\/product"}],"wp:featuredmedia":[{"embeddable":true,"href":"https:\/\/www.deporteseli.com\/index.php?rest_route=\/wp\/v2\/media\/56239"}],"wp:attachment":[{"href":"https:\/\/www.deporteseli.com\/index.php?rest_route=%2Fwp%2Fv2%2Fmedia&parent=42744"}],"wp:term":[{"taxonomy":"product_brand","embeddable":true,"href":"https:\/\/www.deporteseli.com\/index.php?rest_route=%2Fwp%2Fv2%2Fproduct_brand&post=42744"},{"taxonomy":"product_cat","embeddable":true,"href":"https:\/\/www.deporteseli.com\/index.php?rest_route=%2Fwp%2Fv2%2Fproduct_cat&post=42744"},{"taxonomy":"product_tag","embeddable":true,"href":"https:\/\/www.deporteseli.com\/index.php?rest_route=%2Fwp%2Fv2%2Fproduct_tag&post=42744"}],"curies":[{"name":"wp","href":"https:\/\/api.w.org\/{rel}","templated":true}]}}