{"id":42739,"date":"2026-01-27T19:48:19","date_gmt":"2026-01-27T19:48:19","guid":{"rendered":"https:\/\/www.deporteseli.com\/?product=zapatillas-adidas-grand-court-2-0-para-bebe"},"modified":"2026-01-27T19:48:26","modified_gmt":"2026-01-27T19:48:26","slug":"zapatillas-adidas-grand-court-2-0-para-bebe","status":"publish","type":"product","link":"https:\/\/www.deporteseli.com\/?product=zapatillas-adidas-grand-court-2-0-para-bebe","title":{"rendered":"ZAPATILLAS ADIDAS GRAND COURT 2.0 PARA BEB\u00e9"},"content":{"rendered":"<p>ZAPATILLAS PARA BEB\u00c9 CON UNA SUELA DE BURBUJAS, HECHAS PARCIALMENTE CON MATERIALES RECICLADOS  Si tu beb\u00e9 pudiera hablar, te dir\u00eda lo mucho que ama estas zapatillas adidas Grand Court. Las tiras ajustables de cierre por contacto permiten ponerlas y quitarlas con facilidad, mientras que la burbujeante suela de EVA mantiene felices a los peque\u00f1os pies en crecimiento. Sin importar si est\u00e1n gateando, caminando o dando sus primeros pasos, los colores divertidos y las cl\u00e1sicas 3 Tiras inspirar\u00e1n una vida de juego.    Este producto contiene al menos un 20% de material reciclado. Utilizando materiales reciclados reducimos el desperdicio, nuestra dependencia de los recursos finitos y la huella que generan los productos que fabricamos.  Ajuste cl\u00e1sico  Tira regulable de cierre por contacto  Parte superior de piel sint\u00e9tica  Forro interno textil  Suela y mediasuela de EVA integradas  Suela sint\u00e9tica  Contiene al menos un 20% de material reciclado  Color del art\u00edculo: Cloud White \/ Crystal Jade \/ Clear Pink  N\u00famero de art\u00edculo: IH4884                                                                                                                                                                                                                                                                                                                                                                                                                                                                                                                                                                                                                                                                                                                                                                                                                                                                                                                                                                                                                                        <\/p>\n","protected":false},"excerpt":{"rendered":"<p>ZAPATILLAS ADIDAS GRAND COURT 2.0 PARA BEB\u00e9<\/p>\n","protected":false},"featured_media":56235,"template":"","meta":[],"product_brand":[],"product_cat":[392],"product_tag":[18],"class_list":{"0":"post-42739","1":"product","2":"type-product","3":"status-publish","4":"has-post-thumbnail","6":"product_cat-ninas_calzado_casual","7":"product_tag-adidas","8":"pa_color-unico","9":"pa_talla-113","10":"pa_talla-115","11":"pa_talla-117","12":"pa_talla-119","13":"thunk-woo-product-list","14":"opn-qv-enable","15":"open-woo-hover-","16":"open-single-product-tab-horizontal","17":"open-shadow-","18":"open-shadow-hover-","20":"first","21":"instock","22":"sale","23":"shipping-taxable","24":"purchasable","25":"product-type-variable"},"jetpack_sharing_enabled":true,"_links":{"self":[{"href":"https:\/\/www.deporteseli.com\/index.php?rest_route=\/wp\/v2\/product\/42739","targetHints":{"allow":["GET"]}}],"collection":[{"href":"https:\/\/www.deporteseli.com\/index.php?rest_route=\/wp\/v2\/product"}],"about":[{"href":"https:\/\/www.deporteseli.com\/index.php?rest_route=\/wp\/v2\/types\/product"}],"wp:featuredmedia":[{"embeddable":true,"href":"https:\/\/www.deporteseli.com\/index.php?rest_route=\/wp\/v2\/media\/56235"}],"wp:attachment":[{"href":"https:\/\/www.deporteseli.com\/index.php?rest_route=%2Fwp%2Fv2%2Fmedia&parent=42739"}],"wp:term":[{"taxonomy":"product_brand","embeddable":true,"href":"https:\/\/www.deporteseli.com\/index.php?rest_route=%2Fwp%2Fv2%2Fproduct_brand&post=42739"},{"taxonomy":"product_cat","embeddable":true,"href":"https:\/\/www.deporteseli.com\/index.php?rest_route=%2Fwp%2Fv2%2Fproduct_cat&post=42739"},{"taxonomy":"product_tag","embeddable":true,"href":"https:\/\/www.deporteseli.com\/index.php?rest_route=%2Fwp%2Fv2%2Fproduct_tag&post=42739"}],"curies":[{"name":"wp","href":"https:\/\/api.w.org\/{rel}","templated":true}]}}