{"id":42724,"date":"2026-01-27T19:47:59","date_gmt":"2026-01-27T19:47:59","guid":{"rendered":"https:\/\/www.deporteseli.com\/?product=chandal-adidas-iv7298"},"modified":"2026-03-07T06:00:59","modified_gmt":"2026-03-07T06:00:59","slug":"chandal-adidas-iv7298","status":"publish","type":"product","link":"https:\/\/www.deporteseli.com\/?product=chandal-adidas-iv7298","title":{"rendered":"CHANDAL ADIDAS IV7298"},"content":{"rendered":"<p>Descripci\u00f3n  Chaqueta de ch\u00e1ndal infantil adidas Tiberio 3-Stripes  adidas junior Este ch\u00e1ndal est\u00e1 dise\u00f1ado para ofrecer la m\u00e1xima comodidad y ayudarte a concentrarte en lo que realmente importa: el momento presente. ultra Confeccionados en suave tejido polar, te mantendr\u00e1n a gusto de la ma\u00f1ana a la noche. look El pantal\u00f3n slim-fit cuenta con una elegante cremallera integral para facilitar la superposici\u00f3n de capas. La capucha proporciona un aislamiento extra para mantenerte concentrado y ayudarte a conseguir tus objetivos.                                                                                                                                                                                                                                                                                                                                                                                                                                                                                                                                                                                                                                                                                                                                                                                                                                                                                                                                                                                                                                        <\/p>\n","protected":false},"excerpt":{"rendered":"<p>CHANDAL ADIDAS IV7298<\/p>\n","protected":false},"featured_media":56223,"template":"","meta":[],"product_brand":[],"product_cat":[380],"product_tag":[18],"class_list":{"0":"post-42724","1":"product","2":"type-product","3":"status-publish","4":"has-post-thumbnail","6":"product_cat-ninas_textil_chandals","7":"product_tag-adidas","8":"pa_color-unico","9":"pa_talla-t-10","10":"pa_talla-t-8","11":"thunk-woo-product-list","12":"opn-qv-enable","13":"open-woo-hover-","14":"open-single-product-tab-horizontal","15":"open-shadow-","16":"open-shadow-hover-","18":"first","19":"instock","20":"shipping-taxable","21":"purchasable","22":"product-type-variable"},"jetpack_sharing_enabled":true,"_links":{"self":[{"href":"https:\/\/www.deporteseli.com\/index.php?rest_route=\/wp\/v2\/product\/42724","targetHints":{"allow":["GET"]}}],"collection":[{"href":"https:\/\/www.deporteseli.com\/index.php?rest_route=\/wp\/v2\/product"}],"about":[{"href":"https:\/\/www.deporteseli.com\/index.php?rest_route=\/wp\/v2\/types\/product"}],"wp:featuredmedia":[{"embeddable":true,"href":"https:\/\/www.deporteseli.com\/index.php?rest_route=\/wp\/v2\/media\/56223"}],"wp:attachment":[{"href":"https:\/\/www.deporteseli.com\/index.php?rest_route=%2Fwp%2Fv2%2Fmedia&parent=42724"}],"wp:term":[{"taxonomy":"product_brand","embeddable":true,"href":"https:\/\/www.deporteseli.com\/index.php?rest_route=%2Fwp%2Fv2%2Fproduct_brand&post=42724"},{"taxonomy":"product_cat","embeddable":true,"href":"https:\/\/www.deporteseli.com\/index.php?rest_route=%2Fwp%2Fv2%2Fproduct_cat&post=42724"},{"taxonomy":"product_tag","embeddable":true,"href":"https:\/\/www.deporteseli.com\/index.php?rest_route=%2Fwp%2Fv2%2Fproduct_tag&post=42724"}],"curies":[{"name":"wp","href":"https:\/\/api.w.org\/{rel}","templated":true}]}}