{"id":42716,"date":"2026-01-27T19:47:48","date_gmt":"2026-01-27T19:47:48","guid":{"rendered":"https:\/\/www.deporteseli.com\/?product=chandal-champion-306844"},"modified":"2026-03-07T06:00:53","modified_gmt":"2026-03-07T06:00:53","slug":"chandal-champion-306844","status":"publish","type":"product","link":"https:\/\/www.deporteseli.com\/?product=chandal-champion-306844","title":{"rendered":"CHANDAL CHAMPION 306844"},"content":{"rendered":"<p>Ch\u00e1ndal Champion ni\u00f1o\/ni\u00f1o perfecto para deporte y tiempo libre, de la colecci\u00f3n Oto\u00f1o\/Invierno.  Tejido: 54% Polar de algod\u00f3n 46% Poli\u00e9ster.    Sudadera:  Apertura frontal con cremallera completa.  Dos bolsillos delanteros.  Pu\u00f1os y cintura de canal\u00e9 el\u00e1stico.  Logotipo de Champion estampado en el pecho.                                                                                                                                                                                                                                                                                                                                                                                                                                                                                                                                                                                                                                                                                                                                                                                                                                                                                                                                                                                                                                        <\/p>\n","protected":false},"excerpt":{"rendered":"<p>CHANDAL CHAMPION 306844<\/p>\n","protected":false},"featured_media":56220,"template":"","meta":[],"product_brand":[],"product_cat":[298],"product_tag":[51],"class_list":{"0":"post-42716","1":"product","2":"type-product","3":"status-publish","4":"has-post-thumbnail","6":"product_cat-nino_textil_chandals","7":"product_tag-champion","8":"pa_color-unico","9":"pa_talla-s","10":"pa_talla-xl","11":"pa_talla-xxl","12":"thunk-woo-product-list","13":"opn-qv-enable","14":"open-woo-hover-","15":"open-single-product-tab-horizontal","16":"open-shadow-","17":"open-shadow-hover-","19":"first","20":"instock","21":"shipping-taxable","22":"purchasable","23":"product-type-variable"},"jetpack_sharing_enabled":true,"_links":{"self":[{"href":"https:\/\/www.deporteseli.com\/index.php?rest_route=\/wp\/v2\/product\/42716","targetHints":{"allow":["GET"]}}],"collection":[{"href":"https:\/\/www.deporteseli.com\/index.php?rest_route=\/wp\/v2\/product"}],"about":[{"href":"https:\/\/www.deporteseli.com\/index.php?rest_route=\/wp\/v2\/types\/product"}],"wp:featuredmedia":[{"embeddable":true,"href":"https:\/\/www.deporteseli.com\/index.php?rest_route=\/wp\/v2\/media\/56220"}],"wp:attachment":[{"href":"https:\/\/www.deporteseli.com\/index.php?rest_route=%2Fwp%2Fv2%2Fmedia&parent=42716"}],"wp:term":[{"taxonomy":"product_brand","embeddable":true,"href":"https:\/\/www.deporteseli.com\/index.php?rest_route=%2Fwp%2Fv2%2Fproduct_brand&post=42716"},{"taxonomy":"product_cat","embeddable":true,"href":"https:\/\/www.deporteseli.com\/index.php?rest_route=%2Fwp%2Fv2%2Fproduct_cat&post=42716"},{"taxonomy":"product_tag","embeddable":true,"href":"https:\/\/www.deporteseli.com\/index.php?rest_route=%2Fwp%2Fv2%2Fproduct_tag&post=42716"}],"curies":[{"name":"wp","href":"https:\/\/api.w.org\/{rel}","templated":true}]}}