{"id":42709,"date":"2026-01-27T19:47:38","date_gmt":"2026-01-27T19:47:38","guid":{"rendered":"https:\/\/www.deporteseli.com\/?product=chandal-adidas-iz4961"},"modified":"2026-03-07T06:00:46","modified_gmt":"2026-03-07T06:00:46","slug":"chandal-adidas-iz4961","status":"publish","type":"product","link":"https:\/\/www.deporteseli.com\/?product=chandal-adidas-iz4961","title":{"rendered":"CHANDAL ADIDAS IZ4961"},"content":{"rendered":"<p>Descripci\u00f3n  Ch\u00e1ndal para beb\u00e9 adidas Badge Of Sport Logo  A los ni\u00f1os les encanta vernos entrenar. Este conjunto para beb\u00e9 es perfecto para motivar a los futuros atletas. adidas look 3 rayas deportivas en las piernas y un gran logotipo de Insignia del Deporte en la sudadera les dan un look de estrella. \u00bfLa rutina de hoy? Jugar todo el d\u00eda.  culture Comprar nuestros productos de algod\u00f3n significa apoyar una . Este producto tambi\u00e9n est\u00e1 fabricado con materiales reciclados, como parte de nuestra lucha contra los residuos pl\u00e1sticos.                                                                                                                                                                                                                                                                                                                                                                                                                                                                                                                                                                                                                                                                                                                                                                                                                                                                                                                                                                                                                                        <\/p>\n","protected":false},"excerpt":{"rendered":"<p>CHANDAL ADIDAS IZ4961<\/p>\n","protected":false},"featured_media":56217,"template":"","meta":[],"product_brand":[],"product_cat":[298],"product_tag":[18],"class_list":{"0":"post-42709","1":"product","2":"type-product","3":"status-publish","4":"has-post-thumbnail","6":"product_cat-nino_textil_chandals","7":"product_tag-adidas","8":"pa_color-unico","9":"pa_talla-103","10":"pa_talla-167","11":"pa_talla-168","12":"thunk-woo-product-list","13":"opn-qv-enable","14":"open-woo-hover-","15":"open-single-product-tab-horizontal","16":"open-shadow-","17":"open-shadow-hover-","19":"first","20":"instock","21":"shipping-taxable","22":"purchasable","23":"product-type-variable"},"jetpack_sharing_enabled":true,"_links":{"self":[{"href":"https:\/\/www.deporteseli.com\/index.php?rest_route=\/wp\/v2\/product\/42709","targetHints":{"allow":["GET"]}}],"collection":[{"href":"https:\/\/www.deporteseli.com\/index.php?rest_route=\/wp\/v2\/product"}],"about":[{"href":"https:\/\/www.deporteseli.com\/index.php?rest_route=\/wp\/v2\/types\/product"}],"wp:featuredmedia":[{"embeddable":true,"href":"https:\/\/www.deporteseli.com\/index.php?rest_route=\/wp\/v2\/media\/56217"}],"wp:attachment":[{"href":"https:\/\/www.deporteseli.com\/index.php?rest_route=%2Fwp%2Fv2%2Fmedia&parent=42709"}],"wp:term":[{"taxonomy":"product_brand","embeddable":true,"href":"https:\/\/www.deporteseli.com\/index.php?rest_route=%2Fwp%2Fv2%2Fproduct_brand&post=42709"},{"taxonomy":"product_cat","embeddable":true,"href":"https:\/\/www.deporteseli.com\/index.php?rest_route=%2Fwp%2Fv2%2Fproduct_cat&post=42709"},{"taxonomy":"product_tag","embeddable":true,"href":"https:\/\/www.deporteseli.com\/index.php?rest_route=%2Fwp%2Fv2%2Fproduct_tag&post=42709"}],"curies":[{"name":"wp","href":"https:\/\/api.w.org\/{rel}","templated":true}]}}