{"id":42703,"date":"2026-01-27T19:47:29","date_gmt":"2026-01-27T19:47:29","guid":{"rendered":"https:\/\/www.deporteseli.com\/?product=chandal-adidas-ix9507"},"modified":"2026-03-07T06:00:37","modified_gmt":"2026-03-07T06:00:37","slug":"chandal-adidas-ix9507","status":"publish","type":"product","link":"https:\/\/www.deporteseli.com\/?product=chandal-adidas-ix9507","title":{"rendered":"CHANDAL ADIDAS IX9507"},"content":{"rendered":"<p>El ch\u00e1ndal. Icono del fitness de los a\u00f1os 60 y 70 y, bueno, desde entonces. Tal vez sea el estilo a juego. Tal vez sea esa c\u00f3moda cintura el\u00e1stica. Tal vez sea la suave tela de felpa francesa. Este ch\u00e1ndal adidas para j\u00f3venes aporta un estilo inspirado en el deporte a tu rutina de ropa urbana. Ll\u00e9valo con orgullo. Este producto est\u00e1 fabricado con Primegreen, una serie de materiales reciclados de alto rendimiento.                                                                                                                                                                                                                                                                                                                                                                                                                                                                                                                                                                                                                                                                                                                                                                                                                                                                                                                                                                                                                                        <\/p>\n","protected":false},"excerpt":{"rendered":"<p>CHANDAL ADIDAS IX9507<\/p>\n","protected":false},"featured_media":56209,"template":"","meta":[],"product_brand":[],"product_cat":[298],"product_tag":[18],"class_list":{"0":"post-42703","1":"product","2":"type-product","3":"status-publish","4":"has-post-thumbnail","6":"product_cat-nino_textil_chandals","7":"product_tag-adidas","8":"pa_color-unico","9":"pa_talla-t-10","10":"thunk-woo-product-list","11":"opn-qv-enable","12":"open-woo-hover-","13":"open-single-product-tab-horizontal","14":"open-shadow-","15":"open-shadow-hover-","17":"first","18":"instock","19":"shipping-taxable","20":"purchasable","21":"product-type-variable"},"jetpack_sharing_enabled":true,"_links":{"self":[{"href":"https:\/\/www.deporteseli.com\/index.php?rest_route=\/wp\/v2\/product\/42703","targetHints":{"allow":["GET"]}}],"collection":[{"href":"https:\/\/www.deporteseli.com\/index.php?rest_route=\/wp\/v2\/product"}],"about":[{"href":"https:\/\/www.deporteseli.com\/index.php?rest_route=\/wp\/v2\/types\/product"}],"wp:featuredmedia":[{"embeddable":true,"href":"https:\/\/www.deporteseli.com\/index.php?rest_route=\/wp\/v2\/media\/56209"}],"wp:attachment":[{"href":"https:\/\/www.deporteseli.com\/index.php?rest_route=%2Fwp%2Fv2%2Fmedia&parent=42703"}],"wp:term":[{"taxonomy":"product_brand","embeddable":true,"href":"https:\/\/www.deporteseli.com\/index.php?rest_route=%2Fwp%2Fv2%2Fproduct_brand&post=42703"},{"taxonomy":"product_cat","embeddable":true,"href":"https:\/\/www.deporteseli.com\/index.php?rest_route=%2Fwp%2Fv2%2Fproduct_cat&post=42703"},{"taxonomy":"product_tag","embeddable":true,"href":"https:\/\/www.deporteseli.com\/index.php?rest_route=%2Fwp%2Fv2%2Fproduct_tag&post=42703"}],"curies":[{"name":"wp","href":"https:\/\/api.w.org\/{rel}","templated":true}]}}