{"id":42701,"date":"2026-01-27T19:47:26","date_gmt":"2026-01-27T19:47:26","guid":{"rendered":"https:\/\/www.deporteseli.com\/?product=chandal-adidas-iv7312"},"modified":"2026-03-07T06:00:36","modified_gmt":"2026-03-07T06:00:36","slug":"chandal-adidas-iv7312","status":"publish","type":"product","link":"https:\/\/www.deporteseli.com\/?product=chandal-adidas-iv7312","title":{"rendered":"CHANDAL ADIDAS IV7312"},"content":{"rendered":"<p>Descripci\u00f3n  Ch\u00e1ndal de ni\u00f1a adidas Tiberio 3-Stripes Colorblock Fleece  adidas junior legging Este conjunto es perfecto para todo tipo de actividades y se convertir\u00e1 r\u00e1pidamente en la pieza central del armario de los ni\u00f1os. court La sudadera con capucha es f\u00e1cil de poner sobre una chaqueta sin mangas o un sujetador deportivo. Suave y el\u00e1stica, les acompa\u00f1ar\u00e1 a todas partes, desde el sof\u00e1 hasta el exterior. adidas Las 3 rayas de la firma a\u00f1aden un toque din\u00e1mico .  adidasengage s&#8217; con Better Cotton para mejorar las condiciones mundiales de producci\u00f3n de algod\u00f3n. Better Cotton pretende que la producci\u00f3n mundial de algod\u00f3n sea mejor para los trabajadores, el medio ambiente y el futuro de la industria.  Better Cotton utiliza un m\u00e9todo de trazabilidad denominado  Balance de Masas . finis Esto significa que el algod\u00f3n Better Cotton no es f\u00edsicamente trazable en los productos. Sin embargo, los productores de Better Cotton se benefician de un volumen de demanda de Better Cotton equivalente al que necesitamos.                                                                                                                                                                                                                                                                                                                                                                                                                                                                                                                                                                                                                                                                                                                                                                                                                                                                                                                                                                                                                                        <\/p>\n","protected":false},"excerpt":{"rendered":"<p>CHANDAL ADIDAS IV7312<\/p>\n","protected":false},"featured_media":56206,"template":"","meta":[],"product_brand":[],"product_cat":[380],"product_tag":[18],"class_list":{"0":"post-42701","1":"product","2":"type-product","3":"status-publish","4":"has-post-thumbnail","6":"product_cat-ninas_textil_chandals","7":"product_tag-adidas","8":"pa_color-unico","9":"pa_talla-t-16","10":"thunk-woo-product-list","11":"opn-qv-enable","12":"open-woo-hover-","13":"open-single-product-tab-horizontal","14":"open-shadow-","15":"open-shadow-hover-","17":"first","18":"instock","19":"shipping-taxable","20":"purchasable","21":"product-type-variable"},"jetpack_sharing_enabled":true,"_links":{"self":[{"href":"https:\/\/www.deporteseli.com\/index.php?rest_route=\/wp\/v2\/product\/42701","targetHints":{"allow":["GET"]}}],"collection":[{"href":"https:\/\/www.deporteseli.com\/index.php?rest_route=\/wp\/v2\/product"}],"about":[{"href":"https:\/\/www.deporteseli.com\/index.php?rest_route=\/wp\/v2\/types\/product"}],"wp:featuredmedia":[{"embeddable":true,"href":"https:\/\/www.deporteseli.com\/index.php?rest_route=\/wp\/v2\/media\/56206"}],"wp:attachment":[{"href":"https:\/\/www.deporteseli.com\/index.php?rest_route=%2Fwp%2Fv2%2Fmedia&parent=42701"}],"wp:term":[{"taxonomy":"product_brand","embeddable":true,"href":"https:\/\/www.deporteseli.com\/index.php?rest_route=%2Fwp%2Fv2%2Fproduct_brand&post=42701"},{"taxonomy":"product_cat","embeddable":true,"href":"https:\/\/www.deporteseli.com\/index.php?rest_route=%2Fwp%2Fv2%2Fproduct_cat&post=42701"},{"taxonomy":"product_tag","embeddable":true,"href":"https:\/\/www.deporteseli.com\/index.php?rest_route=%2Fwp%2Fv2%2Fproduct_tag&post=42701"}],"curies":[{"name":"wp","href":"https:\/\/api.w.org\/{rel}","templated":true}]}}