{"id":42697,"date":"2026-01-27T19:47:20","date_gmt":"2026-01-27T19:47:20","guid":{"rendered":"https:\/\/www.deporteseli.com\/?product=sudadera-adidas-iv7297"},"modified":"2026-03-07T06:00:34","modified_gmt":"2026-03-07T06:00:34","slug":"sudadera-adidas-iv7297","status":"publish","type":"product","link":"https:\/\/www.deporteseli.com\/?product=sudadera-adidas-iv7297","title":{"rendered":"SUDADERA ADIDAS IV7297"},"content":{"rendered":"<p>La Sudadera Tiberio 3 Bandas Colorblock de Adidas es la prenda ideal para los j\u00f3venes deportistas que buscan combinar estilo y funcionalidad. Con un dise\u00f1o vers\u00e1til y moderno, esta sudadera es perfecta para cualquier actividad, ya sea entrenar en el gimnasio o salir con amigos. La mezcla de colores en bloques y las ic\u00f3nicas tres bandas de Adidas no solo aportan un toque de moda, sino que tambi\u00e9n reflejan una larga tradici\u00f3n de calidad y rendimiento deportivo.    COMPOSICI\u00d3N Y TECNOLOG\u00cdA    Tecnolog\u00eda que permite la transpiraci\u00f3n y mantiene la piel seca.  Materiales de alta calidad que aseguran una larga durabilidad.  Ligera, ideal para llevar en cualquier estaci\u00f3n del a\u00f1o.  Dise\u00f1o holgado para mayor comodidad y libertad de movimiento.                                                                                                                                                                                                                                                                                                                                                                                                                                                                                                                                                                                                                                                                                                                                                                                                                                                                                                                                                                                                                                        <\/p>\n","protected":false},"excerpt":{"rendered":"<p>SUDADERA ADIDAS IV7297<\/p>\n","protected":false},"featured_media":56203,"template":"","meta":[],"product_brand":[],"product_cat":[302],"product_tag":[18],"class_list":{"0":"post-42697","1":"product","2":"type-product","3":"status-publish","4":"has-post-thumbnail","6":"product_cat-nino_textil_sudaderas","7":"product_tag-adidas","8":"pa_color-unico","9":"pa_talla-t-12","10":"pa_talla-t-14","11":"pa_talla-t-8","12":"thunk-woo-product-list","13":"opn-qv-enable","14":"open-woo-hover-","15":"open-single-product-tab-horizontal","16":"open-shadow-","17":"open-shadow-hover-","19":"first","20":"instock","21":"shipping-taxable","22":"purchasable","23":"product-type-variable"},"jetpack_sharing_enabled":true,"_links":{"self":[{"href":"https:\/\/www.deporteseli.com\/index.php?rest_route=\/wp\/v2\/product\/42697","targetHints":{"allow":["GET"]}}],"collection":[{"href":"https:\/\/www.deporteseli.com\/index.php?rest_route=\/wp\/v2\/product"}],"about":[{"href":"https:\/\/www.deporteseli.com\/index.php?rest_route=\/wp\/v2\/types\/product"}],"wp:featuredmedia":[{"embeddable":true,"href":"https:\/\/www.deporteseli.com\/index.php?rest_route=\/wp\/v2\/media\/56203"}],"wp:attachment":[{"href":"https:\/\/www.deporteseli.com\/index.php?rest_route=%2Fwp%2Fv2%2Fmedia&parent=42697"}],"wp:term":[{"taxonomy":"product_brand","embeddable":true,"href":"https:\/\/www.deporteseli.com\/index.php?rest_route=%2Fwp%2Fv2%2Fproduct_brand&post=42697"},{"taxonomy":"product_cat","embeddable":true,"href":"https:\/\/www.deporteseli.com\/index.php?rest_route=%2Fwp%2Fv2%2Fproduct_cat&post=42697"},{"taxonomy":"product_tag","embeddable":true,"href":"https:\/\/www.deporteseli.com\/index.php?rest_route=%2Fwp%2Fv2%2Fproduct_tag&post=42697"}],"curies":[{"name":"wp","href":"https:\/\/api.w.org\/{rel}","templated":true}]}}