{"id":42695,"date":"2026-01-27T19:47:17","date_gmt":"2026-01-27T19:47:17","guid":{"rendered":"https:\/\/www.deporteseli.com\/?product=camisa-adidas-iy4322"},"modified":"2026-03-07T06:00:29","modified_gmt":"2026-03-07T06:00:29","slug":"camisa-adidas-iy4322","status":"publish","type":"product","link":"https:\/\/www.deporteseli.com\/?product=camisa-adidas-iy4322","title":{"rendered":"CAMISA ADIDAS IY4322"},"content":{"rendered":"<p>Descripci\u00f3n  Camiseta de mujer adidas Essentials Logo  El dise\u00f1o cl\u00e1sico de esta camiseta gruesa hace que sea f\u00e1cil de combinar. P\u00f3ntela con pantalones de ch\u00e1ndal o vaqueros cuando vayas de compras. adidas Un logotipo Badge of Sport de gran tama\u00f1o en el pecho deja claro que eres un fan\u00e1tico del deporte.  culture Nuestros productos de algod\u00f3n apoyan la sostenibilidad, como parte de nuestra lucha contra los residuos pl\u00e1sticos.                                                                                                                                                                                                                                                                                                                                                                                                                                                                                                                                                                                                                                                                                                                                                                                                                                                                                                                                                                                                                                        <\/p>\n","protected":false},"excerpt":{"rendered":"<p>CAMISA ADIDAS IY4322<\/p>\n","protected":false},"featured_media":56201,"template":"","meta":[],"product_brand":[],"product_cat":[269],"product_tag":[18],"class_list":{"0":"post-42695","1":"product","2":"type-product","3":"status-publish","4":"has-post-thumbnail","6":"product_cat-mujer_textil_camisetas","7":"product_tag-adidas","8":"pa_color-unico","9":"pa_talla-m","10":"thunk-woo-product-list","11":"opn-qv-enable","12":"open-woo-hover-","13":"open-single-product-tab-horizontal","14":"open-shadow-","15":"open-shadow-hover-","17":"first","18":"instock","19":"shipping-taxable","20":"purchasable","21":"product-type-variable"},"jetpack_sharing_enabled":true,"_links":{"self":[{"href":"https:\/\/www.deporteseli.com\/index.php?rest_route=\/wp\/v2\/product\/42695","targetHints":{"allow":["GET"]}}],"collection":[{"href":"https:\/\/www.deporteseli.com\/index.php?rest_route=\/wp\/v2\/product"}],"about":[{"href":"https:\/\/www.deporteseli.com\/index.php?rest_route=\/wp\/v2\/types\/product"}],"wp:featuredmedia":[{"embeddable":true,"href":"https:\/\/www.deporteseli.com\/index.php?rest_route=\/wp\/v2\/media\/56201"}],"wp:attachment":[{"href":"https:\/\/www.deporteseli.com\/index.php?rest_route=%2Fwp%2Fv2%2Fmedia&parent=42695"}],"wp:term":[{"taxonomy":"product_brand","embeddable":true,"href":"https:\/\/www.deporteseli.com\/index.php?rest_route=%2Fwp%2Fv2%2Fproduct_brand&post=42695"},{"taxonomy":"product_cat","embeddable":true,"href":"https:\/\/www.deporteseli.com\/index.php?rest_route=%2Fwp%2Fv2%2Fproduct_cat&post=42695"},{"taxonomy":"product_tag","embeddable":true,"href":"https:\/\/www.deporteseli.com\/index.php?rest_route=%2Fwp%2Fv2%2Fproduct_tag&post=42695"}],"curies":[{"name":"wp","href":"https:\/\/api.w.org\/{rel}","templated":true}]}}