{"id":42688,"date":"2026-01-27T19:47:07","date_gmt":"2026-01-27T19:47:07","guid":{"rendered":"https:\/\/www.deporteseli.com\/?product=tenis-j-smith-vawen-low"},"modified":"2026-03-05T05:18:26","modified_gmt":"2026-03-05T05:18:26","slug":"tenis-j-smith-vawen-low","status":"publish","type":"product","link":"https:\/\/www.deporteseli.com\/?product=tenis-j-smith-vawen-low","title":{"rendered":"TENIS J.SMITH VAWEN LOW"},"content":{"rendered":"<p>Versi\u00f3n del modelo Vawen en perfil bajo.    Cuenta con las mismas caracter\u00edsticas se presenta en colores, con una base blanca y toques de color en las piezas.    Para aquellos que prefieran una zapatilla a la moda pero en su versi\u00f3n low cut.    Dise\u00f1o de corte que favorece la flexi\u00f3n natural del pie.                                                                                                                                                                                                                                                                                                                                                                                                                                                                                                                                                                                                                                                                                                                                                                                                                                                                                                                                                                                                                                        <\/p>\n","protected":false},"excerpt":{"rendered":"<p>TENIS J.SMITH VAWEN LOW<\/p>\n","protected":false},"featured_media":56191,"template":"","meta":[],"product_brand":[],"product_cat":[310],"product_tag":[43],"class_list":{"0":"post-42688","1":"product","2":"type-product","3":"status-publish","4":"has-post-thumbnail","6":"product_cat-nino_calzado_casual","7":"product_tag-jhon_smith","8":"pa_color-marino","9":"pa_talla-139","10":"pa_talla-147","11":"thunk-woo-product-list","12":"opn-qv-enable","13":"open-woo-hover-","14":"open-single-product-tab-horizontal","15":"open-shadow-","16":"open-shadow-hover-","18":"first","19":"instock","20":"sale","21":"shipping-taxable","22":"purchasable","23":"product-type-variable"},"jetpack_sharing_enabled":true,"_links":{"self":[{"href":"https:\/\/www.deporteseli.com\/index.php?rest_route=\/wp\/v2\/product\/42688","targetHints":{"allow":["GET"]}}],"collection":[{"href":"https:\/\/www.deporteseli.com\/index.php?rest_route=\/wp\/v2\/product"}],"about":[{"href":"https:\/\/www.deporteseli.com\/index.php?rest_route=\/wp\/v2\/types\/product"}],"wp:featuredmedia":[{"embeddable":true,"href":"https:\/\/www.deporteseli.com\/index.php?rest_route=\/wp\/v2\/media\/56191"}],"wp:attachment":[{"href":"https:\/\/www.deporteseli.com\/index.php?rest_route=%2Fwp%2Fv2%2Fmedia&parent=42688"}],"wp:term":[{"taxonomy":"product_brand","embeddable":true,"href":"https:\/\/www.deporteseli.com\/index.php?rest_route=%2Fwp%2Fv2%2Fproduct_brand&post=42688"},{"taxonomy":"product_cat","embeddable":true,"href":"https:\/\/www.deporteseli.com\/index.php?rest_route=%2Fwp%2Fv2%2Fproduct_cat&post=42688"},{"taxonomy":"product_tag","embeddable":true,"href":"https:\/\/www.deporteseli.com\/index.php?rest_route=%2Fwp%2Fv2%2Fproduct_tag&post=42688"}],"curies":[{"name":"wp","href":"https:\/\/api.w.org\/{rel}","templated":true}]}}