{"id":42679,"date":"2026-01-27T19:46:54","date_gmt":"2026-01-27T19:46:54","guid":{"rendered":"https:\/\/www.deporteseli.com\/?product=zapatilla-tensaur-run-3-0-bebe"},"modified":"2026-01-27T19:47:05","modified_gmt":"2026-01-27T19:47:05","slug":"zapatilla-tensaur-run-3-0-bebe","status":"publish","type":"product","link":"https:\/\/www.deporteseli.com\/?product=zapatilla-tensaur-run-3-0-bebe","title":{"rendered":"ZAPATILLA TENSAUR RUN 3.0 (BEB\u00e9)"},"content":{"rendered":"<p>COMODIDAD Y DIVERSI\u00d3N A TODO TREN  Creada para sus primeras aventuras. Esta zapatilla adidas para peques imparables presenta un dise\u00f1o ligero y resistente. Su empeine textil con un forro suave y la suela sint\u00e9tica le proporcionan una excelente estabilidad. Ya sea para jugar con sus amigos o explorar el parque, la mediasuela Cloudfoam le brinda amortiguaci\u00f3n para una pisada m\u00e1s c\u00f3moda.    Este producto contiene al menos un 20% de materiales reciclados. Utilizando materiales reciclados, reducimos los residuos, nuestra dependencia de los recursos finitos y la huella que generan los productos que fabricamos.  Horma cl\u00e1sica  Cierre con correa autoadherente  Empeine textil  Forro textil  Mediasuela Cloudfoam  Suela sint\u00e9tica  Contiene al menos un 20% de material reciclado  Color del art\u00edculo: Bright Royal \/ Cloud White \/ Dark Blue  N\u00famero de art\u00edculo: IH7780                                                                                                                                                                                                                                                                                                                                                                                                                                                                                                                                                                                                                                                                                                                                                                                                                                                                                                                                                                                                                                        <\/p>\n","protected":false},"excerpt":{"rendered":"<p>ZAPATILLA TENSAUR RUN 3.0 (BEB\u00e9)<\/p>\n","protected":false},"featured_media":56186,"template":"","meta":[],"product_brand":[],"product_cat":[308],"product_tag":[18],"class_list":{"0":"post-42679","1":"product","2":"type-product","3":"status-publish","4":"has-post-thumbnail","6":"product_cat-nino_calzado_running","7":"product_tag-adidas","8":"pa_color-unico","9":"pa_talla-113","10":"pa_talla-115","11":"pa_talla-117","12":"pa_talla-119","13":"pa_talla-121","14":"pa_talla-123","15":"pa_talla-t-20","16":"pa_talla-t-21","17":"thunk-woo-product-list","18":"opn-qv-enable","19":"open-woo-hover-","20":"open-single-product-tab-horizontal","21":"open-shadow-","22":"open-shadow-hover-","24":"first","25":"instock","26":"sale","27":"shipping-taxable","28":"purchasable","29":"product-type-variable"},"jetpack_sharing_enabled":true,"_links":{"self":[{"href":"https:\/\/www.deporteseli.com\/index.php?rest_route=\/wp\/v2\/product\/42679","targetHints":{"allow":["GET"]}}],"collection":[{"href":"https:\/\/www.deporteseli.com\/index.php?rest_route=\/wp\/v2\/product"}],"about":[{"href":"https:\/\/www.deporteseli.com\/index.php?rest_route=\/wp\/v2\/types\/product"}],"wp:featuredmedia":[{"embeddable":true,"href":"https:\/\/www.deporteseli.com\/index.php?rest_route=\/wp\/v2\/media\/56186"}],"wp:attachment":[{"href":"https:\/\/www.deporteseli.com\/index.php?rest_route=%2Fwp%2Fv2%2Fmedia&parent=42679"}],"wp:term":[{"taxonomy":"product_brand","embeddable":true,"href":"https:\/\/www.deporteseli.com\/index.php?rest_route=%2Fwp%2Fv2%2Fproduct_brand&post=42679"},{"taxonomy":"product_cat","embeddable":true,"href":"https:\/\/www.deporteseli.com\/index.php?rest_route=%2Fwp%2Fv2%2Fproduct_cat&post=42679"},{"taxonomy":"product_tag","embeddable":true,"href":"https:\/\/www.deporteseli.com\/index.php?rest_route=%2Fwp%2Fv2%2Fproduct_tag&post=42679"}],"curies":[{"name":"wp","href":"https:\/\/api.w.org\/{rel}","templated":true}]}}