{"id":42677,"date":"2026-01-27T19:46:51","date_gmt":"2026-01-27T19:46:51","guid":{"rendered":"https:\/\/www.deporteseli.com\/?product=chandal-essentials-tiberio-3-bandas"},"modified":"2026-03-07T06:00:23","modified_gmt":"2026-03-07T06:00:23","slug":"chandal-essentials-tiberio-3-bandas","status":"publish","type":"product","link":"https:\/\/www.deporteseli.com\/?product=chandal-essentials-tiberio-3-bandas","title":{"rendered":"CH\u00e1NDAL ESSENTIALS TIBERIO 3 BANDAS"},"content":{"rendered":"<p>PRESUME DE ESTILO DE VIDA ACTIVO  Este ch\u00e1ndal adidas para j\u00f3venes incansables te ofrece el confort que buscas en tu d\u00eda a d\u00eda. Elegante, sencillo y f\u00e1cil de combinar, es la opci\u00f3n perfecta para cualquier actividad que tengas planeada. El tejido transpirable AEROREADY mantiene la piel seca y aporta una gran comodidad. Los pu\u00f1os de canal\u00e9 te ofrecen un ajuste perfecto.    Este producto se ha fabricado con un 100% de material reciclado. Su objetivo es plantear otra soluci\u00f3n m\u00e1s que ayude a eliminar los residuos pl\u00e1sticos.  Chaqueta de corte cl\u00e1sico y pantal\u00f3n de corte ajustado  Chaqueta: cierre de cremallera y cuello alzado de canal\u00e9  100% poli\u00e9ster (reciclado)  AEROREADY  Chaqueta: pu\u00f1os y dobladillo de canal\u00e9  Pantal\u00f3n: cintura el\u00e1stica  Color del art\u00edculo: Semi Lucid Blue \/ White \/ Legend Ink \/ White  N\u00famero de art\u00edculo: IB4108                                                                                                                                                                                                                                                                                                                                                                                                                                                                                                                                                                                                                                                                                                                                                                                                                                                                                                                                                                                                                                        <\/p>\n","protected":false},"excerpt":{"rendered":"<p>CH\u00e1NDAL ESSENTIALS TIBERIO 3 BANDAS<\/p>\n","protected":false},"featured_media":56182,"template":"","meta":[],"product_brand":[],"product_cat":[298],"product_tag":[18],"class_list":{"0":"post-42677","1":"product","2":"type-product","3":"status-publish","4":"has-post-thumbnail","6":"product_cat-nino_textil_chandals","7":"product_tag-adidas","8":"pa_color-unico","9":"pa_talla-t-10","10":"thunk-woo-product-list","11":"opn-qv-enable","12":"open-woo-hover-","13":"open-single-product-tab-horizontal","14":"open-shadow-","15":"open-shadow-hover-","17":"first","18":"instock","19":"shipping-taxable","20":"purchasable","21":"product-type-variable"},"jetpack_sharing_enabled":true,"_links":{"self":[{"href":"https:\/\/www.deporteseli.com\/index.php?rest_route=\/wp\/v2\/product\/42677","targetHints":{"allow":["GET"]}}],"collection":[{"href":"https:\/\/www.deporteseli.com\/index.php?rest_route=\/wp\/v2\/product"}],"about":[{"href":"https:\/\/www.deporteseli.com\/index.php?rest_route=\/wp\/v2\/types\/product"}],"wp:featuredmedia":[{"embeddable":true,"href":"https:\/\/www.deporteseli.com\/index.php?rest_route=\/wp\/v2\/media\/56182"}],"wp:attachment":[{"href":"https:\/\/www.deporteseli.com\/index.php?rest_route=%2Fwp%2Fv2%2Fmedia&parent=42677"}],"wp:term":[{"taxonomy":"product_brand","embeddable":true,"href":"https:\/\/www.deporteseli.com\/index.php?rest_route=%2Fwp%2Fv2%2Fproduct_brand&post=42677"},{"taxonomy":"product_cat","embeddable":true,"href":"https:\/\/www.deporteseli.com\/index.php?rest_route=%2Fwp%2Fv2%2Fproduct_cat&post=42677"},{"taxonomy":"product_tag","embeddable":true,"href":"https:\/\/www.deporteseli.com\/index.php?rest_route=%2Fwp%2Fv2%2Fproduct_tag&post=42677"}],"curies":[{"name":"wp","href":"https:\/\/api.w.org\/{rel}","templated":true}]}}