{"id":42667,"date":"2026-01-27T19:46:37","date_gmt":"2026-01-27T19:46:37","guid":{"rendered":"https:\/\/www.deporteseli.com\/?product=pantalon-corto-train-essentials-woven-trainin"},"modified":"2026-03-07T06:00:21","modified_gmt":"2026-03-07T06:00:21","slug":"pantalon-corto-train-essentials-woven-trainin","status":"publish","type":"product","link":"https:\/\/www.deporteseli.com\/?product=pantalon-corto-train-essentials-woven-trainin","title":{"rendered":"PANTAL\u00f3N CORTO TRAIN ESSENTIALS WOVEN TRAININ"},"content":{"rendered":"<p>PERSIGUE TUS METAS DE ENTRENAMIENTO  No olvides meter este pantal\u00f3n corto de training adidas en tu bolsa de deporte el d\u00eda que est\u00e9s preparado para batir tu mejor marca en el gimnasio. Se ha confeccionado en un ligero con tecnolog\u00eda transpirable AEROREADY que mantiene la piel seca. Su corte favorece la libertad de movimiento para que nada te detenga cuando entrenas.  Corte cl\u00e1sico  Cintura el\u00e1stica con cord\u00f3n interior  100% poli\u00e9ster (reciclado)  AEROREADY  Bolsillos frontales con cremallera  Color del art\u00edculo: Black \/ White  N\u00famero de art\u00edculo: IC6976                                                                                                                                                                                                                                                                                                                                                                                                                                                                                                                                                                                                                                                                                                                                                                                                                                                                                                                                                                                                                                        <\/p>\n","protected":false},"excerpt":{"rendered":"<p>PANTAL\u00f3N CORTO TRAIN ESSENTIALS WOVEN TRAININ<\/p>\n","protected":false},"featured_media":56176,"template":"","meta":[],"product_brand":[],"product_cat":[251],"product_tag":[18],"class_list":{"0":"post-42667","1":"product","2":"type-product","3":"status-publish","4":"has-post-thumbnail","6":"product_cat-hombre_textil_shorts","7":"product_tag-adidas","8":"pa_color-negro","9":"pa_color-unico","10":"pa_talla-m","11":"pa_talla-xxl","12":"thunk-woo-product-list","13":"opn-qv-enable","14":"open-woo-hover-","15":"open-single-product-tab-horizontal","16":"open-shadow-","17":"open-shadow-hover-","19":"first","20":"instock","21":"shipping-taxable","22":"purchasable","23":"product-type-variable"},"jetpack_sharing_enabled":true,"_links":{"self":[{"href":"https:\/\/www.deporteseli.com\/index.php?rest_route=\/wp\/v2\/product\/42667","targetHints":{"allow":["GET"]}}],"collection":[{"href":"https:\/\/www.deporteseli.com\/index.php?rest_route=\/wp\/v2\/product"}],"about":[{"href":"https:\/\/www.deporteseli.com\/index.php?rest_route=\/wp\/v2\/types\/product"}],"wp:featuredmedia":[{"embeddable":true,"href":"https:\/\/www.deporteseli.com\/index.php?rest_route=\/wp\/v2\/media\/56176"}],"wp:attachment":[{"href":"https:\/\/www.deporteseli.com\/index.php?rest_route=%2Fwp%2Fv2%2Fmedia&parent=42667"}],"wp:term":[{"taxonomy":"product_brand","embeddable":true,"href":"https:\/\/www.deporteseli.com\/index.php?rest_route=%2Fwp%2Fv2%2Fproduct_brand&post=42667"},{"taxonomy":"product_cat","embeddable":true,"href":"https:\/\/www.deporteseli.com\/index.php?rest_route=%2Fwp%2Fv2%2Fproduct_cat&post=42667"},{"taxonomy":"product_tag","embeddable":true,"href":"https:\/\/www.deporteseli.com\/index.php?rest_route=%2Fwp%2Fv2%2Fproduct_tag&post=42667"}],"curies":[{"name":"wp","href":"https:\/\/api.w.org\/{rel}","templated":true}]}}