{"id":42665,"date":"2026-01-27T19:46:35","date_gmt":"2026-01-27T19:46:35","guid":{"rendered":"https:\/\/www.deporteseli.com\/?product=pala-bullpadel-neuron-25"},"modified":"2026-02-24T05:18:34","modified_gmt":"2026-02-24T05:18:34","slug":"pala-bullpadel-neuron-25","status":"publish","type":"product","link":"https:\/\/www.deporteseli.com\/?product=pala-bullpadel-neuron-25","title":{"rendered":"PALA BULLPADEL NEURON 25"},"content":{"rendered":"<p>Con Neuron, la pala de Federico Chingotto, tendr\u00e1s la \u00fanica pala que pueda seguir esa mente tan veloz con la que anticipas la pr\u00f3xima jugada. Una pala que est\u00e9 a tu altura, permitiendo una respuesta inmediata y precisa en cada golpe.  Desarrollada por el equipo Bullpadel-Lab, e integrada con la \u00faltima tecnolog\u00eda como el Wave System, esta pala est\u00e1 concebida para controlar tu juego y maximizar la conexi\u00f3n entre tu mente y pelota. Prueba su tacto \u00fanico y sentir\u00e1s el autentico control en tu mano.    Tecnolog\u00edas: Wave System, Wave Bridge, Aero Channel, Custom Weight, Smart Holes, 3D Grain, Hesacore, Vibradrive, X-Tend Carbon 3K, Multieva, Carbontube.      \u2022    Peso aprox: 355-375 g.  \u2022    Perfil: 38mm.  \u2022    Balance: \u02dc 25  \u2022    Forma: Hibrida  \u2022    Comp. Exterior: X-Tend Carbon 3K  \u2022    Comp. Interior: Multieva.  \u2022    Jugador: Adulto experto.  \u2022    Tipo: Defensa  \u2022    Superficie de juego: 535 cm\u00b2  \u2022    Rugoso: 3D  Deseabas dominio, te damos Control.   Hazte con el control total en la pista con nuestra pala Neuron! Dise\u00f1ada para los jugadores que buscan precisi\u00f3n y dominio, esta pala es tu mejor aliada. Junto a un dise\u00f1o elegante, cada golpe ser\u00e1 un espect\u00e1culo de precisi\u00f3n.  Descubre el secreto de Fede y lleva tu juego al \u00faltimo rinc\u00f3n de la pista con las \u00faltimas tecnolog\u00edas del Bullpadel-LAB!    WAVE SYSTEM  Sum\u00e9rgete en la innovaci\u00f3n con nuestro exclusivo marco Wave ondulado, una estructura meticulosamente dise\u00f1ada para llevar el control de la bola a su m\u00e1xima expresi\u00f3n. Este dise\u00f1o \u00fanico optimiza la flexibilidad y la rigidez en puntos espec\u00edficos del marco, proporcionando un tacto seco y firme que te permitir\u00e1 dominar cada golpe con una precisi\u00f3n incomparable. Gracias a la configuraci\u00f3n del Wave, disfrutar\u00e1s de un control excepcional sobre la bola, sintiendo cada impacto de manera n\u00edtida y precisa. Adem\u00e1s, el dise\u00f1o curvo del Wave favorece la disipaci\u00f3n de vibraciones a lo largo de su recorrido, evitando concentraciones puntuales de compresiones longitudinales y asegurando una experiencia de golpeo constante y controlada. Con esta tecnolog\u00eda, tendr\u00e1s el dominio total del juego, con la confianza de un tacto duro y preciso en cada punto.    WAVE BRIDGE  El coraz\u00f3n Neuron, cuenta con un puente horizontal, confiriendo mayor estabilidad hacia las torsiones originadas por el golpeo de la pelota. contribuir a la estabilidad de la pala durante el golpe, ayuda a distribuir el peso del golpeo de manera m\u00e1s uniforme a lo largo de la superficie de la pala y reducir as\u00ed la torsi\u00f3n y la vibraci\u00f3n, teniendo una sensaci\u00f3n m\u00e1s s\u00f3lida y controlada durante el juego.    AERO CHANNEL  Situado estrat\u00e9gicamente en la parte superior de la pala, el canal ha sido incluido para mejorar el movimiento en el juego y mejorar la aerodin\u00e1mica. El Canal de Aire permite a los jugadores mover la punta de la pala con mayor aceleraci\u00f3n y mejor manejo, favoreciendo un movimiento m\u00e1s fluido y \u00e1gil en la pista.    Custom Weight  El sistema de pesos CustomWeight para la pala Neuron, est\u00e1 constituido por unas placas terminadas en aluminio, que aportan un peso extra en la zona del mango. Con esto, conseguimos modificar el balance de la pala en funci\u00f3n de las necesidades de cada jugador.  En el caso de Neuron, est\u00e1 dise\u00f1ada para la colocaci\u00f3n de un total de 1 peso en la inferior del mango. Pudiendo elegir entre a\u00f1adir 5g o 10 g. Con todo ello, podemos crear diferentes especificaciones y un cambio de balance para personalizar nuestra pala para un control aun superior.    SMART HOLES  La distribuci\u00f3n de agujeros en una pala de p\u00e1del es clave para el rendimiento, ya que afecta factores como el control y la sensaci\u00f3n al golpear. En la Neuron, el dise\u00f1o espec\u00edfico de los agujeros se ha optimizado para proporcionar un tacto m\u00e1s firme, lo que permite sentir mejor la pelota en cada golpe. Esto mejora significativamente el control, permitiendo a los jugadores mantener una mayor precisi\u00f3n en cada jugada, independientemente del nivel de habilidad.    3D Grain  La Neuron incorpora una nueva superficie rugosa, especialmente marcada, dise\u00f1ada para mejorar el control de tus golpes con efecto. Al impactar la pelota, este rugoso acentuado genera una mayor fricci\u00f3n, asegurando un contacto m\u00e1s preciso y controlado. Esto se traduce en un dominio total de los efectos, tanto en golpes desde el fondo como en acciones m\u00e1s delicadas cerca de la red.    Hesacore  Descubre el nuevo Hesacore y su f\u00f3rmula renovada para elevar la protecci\u00f3n de tu juego. Con el nuevo Hesacore, olv\u00eddate de las molestias en el brazo y las vibraciones indeseadas: nuestro avanzado elast\u00f3mero antivibratorio filtra y minimiza esas sensaciones, permiti\u00e9ndote concentrarte en tu rendimiento sin distracciones.  Su dise\u00f1o ergon\u00f3mico en panal maximiza el contacto entre la mano y el pu\u00f1o, permitiendo que los dedos se acomoden en las superficies c\u00f3ncavas. Esto reduce el esfuerzo y el riesgo de lesiones, al mismo tiempo que proporciona un agarre firme y c\u00f3modo. Con el nuevo Hesacore, mant\u00e9n el control total de tu <\/p>\n","protected":false},"excerpt":{"rendered":"<p>PALA BULLPADEL NEURON 25<\/p>\n","protected":false},"featured_media":56172,"template":"","meta":[],"product_brand":[],"product_cat":[353],"product_tag":[21],"class_list":{"0":"post-42665","1":"product","2":"type-product","3":"status-publish","4":"has-post-thumbnail","6":"product_cat-padel_y_tenis_palas","7":"product_tag-bull_padel","8":"pa_color-unico","9":"pa_talla-unica","10":"thunk-woo-product-list","11":"opn-qv-enable","12":"open-woo-hover-","13":"open-single-product-tab-horizontal","14":"open-shadow-","15":"open-shadow-hover-","17":"first","18":"instock","19":"sale","20":"shipping-taxable","21":"purchasable","22":"product-type-variable"},"jetpack_sharing_enabled":true,"_links":{"self":[{"href":"https:\/\/www.deporteseli.com\/index.php?rest_route=\/wp\/v2\/product\/42665","targetHints":{"allow":["GET"]}}],"collection":[{"href":"https:\/\/www.deporteseli.com\/index.php?rest_route=\/wp\/v2\/product"}],"about":[{"href":"https:\/\/www.deporteseli.com\/index.php?rest_route=\/wp\/v2\/types\/product"}],"wp:featuredmedia":[{"embeddable":true,"href":"https:\/\/www.deporteseli.com\/index.php?rest_route=\/wp\/v2\/media\/56172"}],"wp:attachment":[{"href":"https:\/\/www.deporteseli.com\/index.php?rest_route=%2Fwp%2Fv2%2Fmedia&parent=42665"}],"wp:term":[{"taxonomy":"product_brand","embeddable":true,"href":"https:\/\/www.deporteseli.com\/index.php?rest_route=%2Fwp%2Fv2%2Fproduct_brand&post=42665"},{"taxonomy":"product_cat","embeddable":true,"href":"https:\/\/www.deporteseli.com\/index.php?rest_route=%2Fwp%2Fv2%2Fproduct_cat&post=42665"},{"taxonomy":"product_tag","embeddable":true,"href":"https:\/\/www.deporteseli.com\/index.php?rest_route=%2Fwp%2Fv2%2Fproduct_tag&post=42665"}],"curies":[{"name":"wp","href":"https:\/\/api.w.org\/{rel}","templated":true}]}}