{"id":42663,"date":"2026-01-27T19:46:31","date_gmt":"2026-01-27T19:46:31","guid":{"rendered":"https:\/\/www.deporteseli.com\/?product=pala-bullpadel-xplo-25"},"modified":"2026-03-03T05:18:39","modified_gmt":"2026-03-03T05:18:39","slug":"pala-bullpadel-xplo-25","status":"publish","type":"product","link":"https:\/\/www.deporteseli.com\/?product=pala-bullpadel-xplo-25","title":{"rendered":"PALA BULLPADEL XPLO 25"},"content":{"rendered":"<p>Te presentamos XPLO, la pala m\u00e1s potente en la historia de Bullpadel. Dise\u00f1ada para llevar a Mart\u00edn Di Nenno a la cima, la XPLO te permitir\u00e1 sentir una explosi\u00f3n de poder en cada golpe. Redefine tu concepto de potencia con las \u00faltimas innovaciones del Bullpadel-Lab y domina la pista con total autoridad. Ideal para profesionales y jugadores avanzados que exigen lo m\u00e1ximo en cada golpe, esta pala est\u00e1 preparada para poner la pista a tu servicio.    Aviso: Bullpadel no se responsabiliza de los posibles da\u00f1os en la pista causados por la incre\u00edble potencia de tus golpes.  Anhelabas fuerza, te brindamos Energ\u00eda. En este 2024, Lanzamos nuestra pala m\u00e1s potente de la historia. La evoluci\u00f3n del juego en los \u00faltimos a\u00f1os est\u00e1 transformando a los jugadores y sus necesidades. Es por ello, que nos adaptamos a las necesidades de cada uno de nuestros usuarios para hacerles lo m\u00e1s f\u00e1cil posible el desarrollo de su juego.  Descubre XPLO! y pon la pista patas arriba. Ad\u00e9ntrate y descubre las tecnolog\u00edas que esconde esta pala en sus materiales y forma.    Geometric Shape    La XPLO va m\u00e1s all\u00e1 de las expectativas, introduciendo el concepto de potencia explosiva. Con un marco geom\u00e9trico y una estructura de carbono de alta resistencia, esta pala te brinda una combinaci\u00f3n perfecta de potencia explosiva y dominio a\u00e9reo.    La clave radica en la capacidad de maximizar la fuerza generada por el movimiento del jugador. A trav\u00e9s del balance de la pala, la distribuci\u00f3n del peso se ha situado en una posici\u00f3n superior, llevando el peso hacia el extremo de la cabeza. Para ello se ha creado un marco m\u00e1s ancho en las posiciones de las 2 y las 10 horas aumentando el \u00e1rea de contacto con la pelota, lo que produce un mayor \u00e1ngulo de lanzamiento.    El balance alto, aumenta el momento de inercia de la raqueta, lo que se traduce en una mayor facilidad para la generaci\u00f3n de palanca. Esto significa que cuando ejecutas un golpe ofensivo de arriba hacia abajo, la pala ser\u00e1 m\u00e1s propensa a seguir el movimiento, facilitando la generaci\u00f3n de energ\u00eda adicional en tus golpeos.    Por tanto, si eres un jugador ofensivo, pegador y que te gusta dominar la fase a\u00e9rea del juego, esta pala se convertir\u00e1 en una extensi\u00f3n natural de tus habilidades, llevando tu rendimiento a nuevas alturas.    Geometric core    La tecnolog\u00eda Geometric Core localizada en el coraz\u00f3n de la pala, amplifica la potencia de tus golpes, permiti\u00e9ndote desatar tu m\u00e1ximo potencial en cada punto. Para ello se ha incluido un doble refuerzo diagonal en la zona alta aportando mayor estabilidad y reduciendo as\u00ed los movimientos de torsi\u00f3n y flexi\u00f3n que surgen en la pala a la hora de impactar con la pelota. Adem\u00e1s, la parte inferior del coraz\u00f3n contiene dos refuerzos estructurales en la zona de los brazos dotando de solidez y firmeza a esta zona.    HEXATURE    La m\u00e1xima rigidez nace desde el interior. La nueva estructura hexagonal dise\u00f1ada por el equipo de I D de Bullpadel aumenta en su grosor 3mm. El tubular con forma hexagonal extendido a lo largo del marco de la pala, dota de una mayor estabilidad y resistencia siendo menos sensible a las torsiones y aumentando la durabilidad de la pala por la optimizaci\u00f3n en la transferencia de energ\u00eda a trav\u00e9s de los lados del hex\u00e1gono. Todo ello, contribuye a una mayor consistencia en el rendimiento pudiendo generar golpes m\u00e1s potentes.    WAVE SYSTEM   AIR POWER    La nueva XPLO combina las tecnolog\u00edas de vanguardia AIR POWER y WAVE SYSTEM para ofrecer una potencia explosiva y radical, creando la pala m\u00e1s potente jam\u00e1s desarrollada por nuestra marca.    AIR POWER ampl\u00eda en un 50% el canal lateral inferior del marco, proporcionando agilidad y aceleraci\u00f3n para liberar toda su potencia al instante.    Por otro lado, WAVE SYSTEM refuerza esta explosividad al optimizar tanto la flexibilidad como la rigidez. Esto canaliza la m\u00e1xima energ\u00eda en cada golpe y disipa las vibraciones, asegurando que la fuerza se mantenga intacta.    Juntas, estas innovaciones convierten a la XPLO en una m\u00e1quina de poder absoluto, estableciendo un nuevo est\u00e1ndar de potencia en el p\u00e1del.    Ease Vibe    Los Ease Vibe son dampeners de \u00faltima generaci\u00f3n, dise\u00f1ados para optimizar tu rendimiento en la pista de p\u00e1del. Integrados en cuatro orificios estrat\u00e9gicos de la pala, los Ease Vibe han sido sometidos a rigurosos estudios por la Universidad Polit\u00e9cnica de Madrid, demostrando su capacidad para absorber hasta un 49% de las vibraciones producidas al golpear la pelota.    Gracias a su redise\u00f1ada geometr\u00eda en forma de muelle, estos dampeners no solo mejoran la absorci\u00f3n de vibraciones, sino que tambi\u00e9n elevan su rendimiento general. Esta innovadora forma permite una personalizaci\u00f3n \u00fanica del tacto y balance de la pala, brind\u00e1ndote la flexibilidad de ajustar tu juego seg\u00fan tus necesidades. Ya sea que busques mayor control o potencia, los Ease Vibe te permiten adaptar tu pala para maximizar cada golpe y asegurar una experiencia de juego m\u00e1s c\u00f3moda y efectiva.    SMART HOLES    La distribuci\u00f3n <\/p>\n","protected":false},"excerpt":{"rendered":"<p>PALA BULLPADEL XPLO 25<\/p>\n","protected":false},"featured_media":56168,"template":"","meta":[],"product_brand":[],"product_cat":[353],"product_tag":[21],"class_list":{"0":"post-42663","1":"product","2":"type-product","3":"status-publish","4":"has-post-thumbnail","6":"product_cat-padel_y_tenis_palas","7":"product_tag-bull_padel","8":"pa_color-unico","9":"pa_talla-unica","10":"thunk-woo-product-list","11":"opn-qv-enable","12":"open-woo-hover-","13":"open-single-product-tab-horizontal","14":"open-shadow-","15":"open-shadow-hover-","17":"first","18":"instock","19":"sale","20":"shipping-taxable","21":"purchasable","22":"product-type-variable"},"jetpack_sharing_enabled":true,"_links":{"self":[{"href":"https:\/\/www.deporteseli.com\/index.php?rest_route=\/wp\/v2\/product\/42663","targetHints":{"allow":["GET"]}}],"collection":[{"href":"https:\/\/www.deporteseli.com\/index.php?rest_route=\/wp\/v2\/product"}],"about":[{"href":"https:\/\/www.deporteseli.com\/index.php?rest_route=\/wp\/v2\/types\/product"}],"wp:featuredmedia":[{"embeddable":true,"href":"https:\/\/www.deporteseli.com\/index.php?rest_route=\/wp\/v2\/media\/56168"}],"wp:attachment":[{"href":"https:\/\/www.deporteseli.com\/index.php?rest_route=%2Fwp%2Fv2%2Fmedia&parent=42663"}],"wp:term":[{"taxonomy":"product_brand","embeddable":true,"href":"https:\/\/www.deporteseli.com\/index.php?rest_route=%2Fwp%2Fv2%2Fproduct_brand&post=42663"},{"taxonomy":"product_cat","embeddable":true,"href":"https:\/\/www.deporteseli.com\/index.php?rest_route=%2Fwp%2Fv2%2Fproduct_cat&post=42663"},{"taxonomy":"product_tag","embeddable":true,"href":"https:\/\/www.deporteseli.com\/index.php?rest_route=%2Fwp%2Fv2%2Fproduct_tag&post=42663"}],"curies":[{"name":"wp","href":"https:\/\/api.w.org\/{rel}","templated":true}]}}