{"id":42651,"date":"2026-01-27T19:46:13","date_gmt":"2026-01-27T19:46:13","guid":{"rendered":"https:\/\/www.deporteseli.com\/?product=tenis-puma-383731-1"},"modified":"2026-01-27T19:46:19","modified_gmt":"2026-01-27T19:46:19","slug":"tenis-puma-383731-1","status":"publish","type":"product","link":"https:\/\/www.deporteseli.com\/?product=tenis-puma-383731-1","title":{"rendered":"TENIS PUMA 383731-1"},"content":{"rendered":"<p>Moda de la vieja escuela para el nuevo miembro de la familia. Estas cl\u00e1sicas zapatillas de carreras Cabana ya exist\u00edan cuando los ni\u00f1os eran apenas una chispa en tus ojos, pero su estilo inimitable se mantiene vigente a trav\u00e9s de las d\u00e9cadas. P\u00f3nselas a tu hijo y haz que se sume al estilo retro.                                                                                                                                                                                                                                                                                                                                                                                                                                                                                                                                                                                                                                                                                                                                                                                                                                                                                                                                                                                                                                        <\/p>\n","protected":false},"excerpt":{"rendered":"<p>TENIS PUMA 383731-1<\/p>\n","protected":false},"featured_media":56153,"template":"","meta":[],"product_brand":[],"product_cat":[310],"product_tag":[32],"class_list":{"0":"post-42651","1":"product","2":"type-product","3":"status-publish","4":"has-post-thumbnail","6":"product_cat-nino_calzado_casual","7":"product_tag-puma","8":"pa_color-unico","9":"pa_talla-113","10":"pa_talla-115","11":"pa_talla-117","12":"pa_talla-t-21","13":"thunk-woo-product-list","14":"opn-qv-enable","15":"open-woo-hover-","16":"open-single-product-tab-horizontal","17":"open-shadow-","18":"open-shadow-hover-","20":"first","21":"instock","22":"sale","23":"shipping-taxable","24":"purchasable","25":"product-type-variable"},"jetpack_sharing_enabled":true,"_links":{"self":[{"href":"https:\/\/www.deporteseli.com\/index.php?rest_route=\/wp\/v2\/product\/42651","targetHints":{"allow":["GET"]}}],"collection":[{"href":"https:\/\/www.deporteseli.com\/index.php?rest_route=\/wp\/v2\/product"}],"about":[{"href":"https:\/\/www.deporteseli.com\/index.php?rest_route=\/wp\/v2\/types\/product"}],"wp:featuredmedia":[{"embeddable":true,"href":"https:\/\/www.deporteseli.com\/index.php?rest_route=\/wp\/v2\/media\/56153"}],"wp:attachment":[{"href":"https:\/\/www.deporteseli.com\/index.php?rest_route=%2Fwp%2Fv2%2Fmedia&parent=42651"}],"wp:term":[{"taxonomy":"product_brand","embeddable":true,"href":"https:\/\/www.deporteseli.com\/index.php?rest_route=%2Fwp%2Fv2%2Fproduct_brand&post=42651"},{"taxonomy":"product_cat","embeddable":true,"href":"https:\/\/www.deporteseli.com\/index.php?rest_route=%2Fwp%2Fv2%2Fproduct_cat&post=42651"},{"taxonomy":"product_tag","embeddable":true,"href":"https:\/\/www.deporteseli.com\/index.php?rest_route=%2Fwp%2Fv2%2Fproduct_tag&post=42651"}],"curies":[{"name":"wp","href":"https:\/\/api.w.org\/{rel}","templated":true}]}}