{"id":42632,"date":"2026-01-27T19:45:42","date_gmt":"2026-01-27T19:45:42","guid":{"rendered":"https:\/\/www.deporteseli.com\/?product=sudadera-con-capucha-champion-jr-306837-marin"},"modified":"2026-03-07T06:00:05","modified_gmt":"2026-03-07T06:00:05","slug":"sudadera-con-capucha-champion-jr-306837-marin","status":"publish","type":"product","link":"https:\/\/www.deporteseli.com\/?product=sudadera-con-capucha-champion-jr-306837-marin","title":{"rendered":"SUDADERA CON CAPUCHA CHAMPION JR 306837 MARIN"},"content":{"rendered":"<p>SUDADERA CON CAPUCHA CHAMPION JR 306837     Sudadera Champion ni\u00f1o\/ni\u00f1o, de la colecci\u00f3n Oto\u00f1o\/Invierno, perfecta para hacer deporte y tiempo libre.    Tejido: 54% Polar de algod\u00f3n 46% Poli\u00e9ster.  Modelo con capucha.  Un bolsillo canguro delantero.  Pu\u00f1os y cintura de canal\u00e9 el\u00e1stico.  Estampado de la marca Champion en el pecho.                                                                                                                                                                                                                                                                                                                                                                                                                                                                                                                                                                                                                                                                                                                                                                                                                                                                                                                                                                                                                                        <\/p>\n","protected":false},"excerpt":{"rendered":"<p>SUDADERA CON CAPUCHA CHAMPION JR 306837 MARIN<\/p>\n","protected":false},"featured_media":56143,"template":"","meta":[],"product_brand":[],"product_cat":[302],"product_tag":[51],"class_list":{"0":"post-42632","1":"product","2":"type-product","3":"status-publish","4":"has-post-thumbnail","6":"product_cat-nino_textil_sudaderas","7":"product_tag-champion","8":"pa_color-unico","9":"pa_talla-l","10":"pa_talla-m","11":"pa_talla-s","12":"thunk-woo-product-list","13":"opn-qv-enable","14":"open-woo-hover-","15":"open-single-product-tab-horizontal","16":"open-shadow-","17":"open-shadow-hover-","19":"first","20":"instock","21":"shipping-taxable","22":"purchasable","23":"product-type-variable"},"jetpack_sharing_enabled":true,"_links":{"self":[{"href":"https:\/\/www.deporteseli.com\/index.php?rest_route=\/wp\/v2\/product\/42632","targetHints":{"allow":["GET"]}}],"collection":[{"href":"https:\/\/www.deporteseli.com\/index.php?rest_route=\/wp\/v2\/product"}],"about":[{"href":"https:\/\/www.deporteseli.com\/index.php?rest_route=\/wp\/v2\/types\/product"}],"wp:featuredmedia":[{"embeddable":true,"href":"https:\/\/www.deporteseli.com\/index.php?rest_route=\/wp\/v2\/media\/56143"}],"wp:attachment":[{"href":"https:\/\/www.deporteseli.com\/index.php?rest_route=%2Fwp%2Fv2%2Fmedia&parent=42632"}],"wp:term":[{"taxonomy":"product_brand","embeddable":true,"href":"https:\/\/www.deporteseli.com\/index.php?rest_route=%2Fwp%2Fv2%2Fproduct_brand&post=42632"},{"taxonomy":"product_cat","embeddable":true,"href":"https:\/\/www.deporteseli.com\/index.php?rest_route=%2Fwp%2Fv2%2Fproduct_cat&post=42632"},{"taxonomy":"product_tag","embeddable":true,"href":"https:\/\/www.deporteseli.com\/index.php?rest_route=%2Fwp%2Fv2%2Fproduct_tag&post=42632"}],"curies":[{"name":"wp","href":"https:\/\/api.w.org\/{rel}","templated":true}]}}