{"id":42624,"date":"2026-01-27T19:45:31","date_gmt":"2026-01-27T19:45:31","guid":{"rendered":"https:\/\/www.deporteseli.com\/?product=malla-champion-algodon"},"modified":"2026-03-07T05:59:55","modified_gmt":"2026-03-07T05:59:55","slug":"malla-champion-algodon","status":"publish","type":"product","link":"https:\/\/www.deporteseli.com\/?product=malla-champion-algodon","title":{"rendered":"MALLA CHAMPION ALGOD\u00f3N"},"content":{"rendered":"<p>Descripci\u00f3n  Descubre las Mallas Champion Leggings para mujer, en un elegante color negro. Dise\u00f1adas con un moderno estampado en el camal, estas mallas largas son perfectas para cualquier actividad.    Confeccionadas en suave tejido de algod\u00f3n, ofrecen comodidad y libertad de movimiento. Su dise\u00f1o vers\u00e1til las convierte en una opci\u00f3n ideal tanto para el gimnasio como para un look casual diario.    Invierte en tu estilo y bienestar con las Mallas Champion, que combinan moda y funcionalidad. No te pierdas la oportunidad de lucir genial mientras practicas tus actividades favoritas.  Haz tu pedido ahora y a\u00f1ade un toque sport chic a tu guardarropa!    Caracter\u00edsticas  Mallas largas  Estampado en el camal  Tejido de algod\u00f3n                                                                                                                                                                                                                                                                                                                                                                                                                                                                                                                                                                                                                                                                                                                                                                                                                                                                                                                                                                                                                                        <\/p>\n","protected":false},"excerpt":{"rendered":"<p>MALLA CHAMPION ALGOD\u00f3N<\/p>\n","protected":false},"featured_media":56135,"template":"","meta":[],"product_brand":[],"product_cat":[281],"product_tag":[51],"class_list":{"0":"post-42624","1":"product","2":"type-product","3":"status-publish","4":"has-post-thumbnail","6":"product_cat-mujer_textil_mallas","7":"product_tag-champion","8":"pa_color-negro","9":"pa_talla-l","10":"thunk-woo-product-list","11":"opn-qv-enable","12":"open-woo-hover-","13":"open-single-product-tab-horizontal","14":"open-shadow-","15":"open-shadow-hover-","17":"first","18":"instock","19":"shipping-taxable","20":"purchasable","21":"product-type-variable"},"jetpack_sharing_enabled":true,"_links":{"self":[{"href":"https:\/\/www.deporteseli.com\/index.php?rest_route=\/wp\/v2\/product\/42624","targetHints":{"allow":["GET"]}}],"collection":[{"href":"https:\/\/www.deporteseli.com\/index.php?rest_route=\/wp\/v2\/product"}],"about":[{"href":"https:\/\/www.deporteseli.com\/index.php?rest_route=\/wp\/v2\/types\/product"}],"wp:featuredmedia":[{"embeddable":true,"href":"https:\/\/www.deporteseli.com\/index.php?rest_route=\/wp\/v2\/media\/56135"}],"wp:attachment":[{"href":"https:\/\/www.deporteseli.com\/index.php?rest_route=%2Fwp%2Fv2%2Fmedia&parent=42624"}],"wp:term":[{"taxonomy":"product_brand","embeddable":true,"href":"https:\/\/www.deporteseli.com\/index.php?rest_route=%2Fwp%2Fv2%2Fproduct_brand&post=42624"},{"taxonomy":"product_cat","embeddable":true,"href":"https:\/\/www.deporteseli.com\/index.php?rest_route=%2Fwp%2Fv2%2Fproduct_cat&post=42624"},{"taxonomy":"product_tag","embeddable":true,"href":"https:\/\/www.deporteseli.com\/index.php?rest_route=%2Fwp%2Fv2%2Fproduct_tag&post=42624"}],"curies":[{"name":"wp","href":"https:\/\/api.w.org\/{rel}","templated":true}]}}