{"id":42544,"date":"2026-01-27T19:43:43","date_gmt":"2026-01-27T19:43:43","guid":{"rendered":"https:\/\/www.deporteseli.com\/?product=botas-adidas-predator-club-tf"},"modified":"2026-04-14T04:17:49","modified_gmt":"2026-04-14T04:17:49","slug":"botas-adidas-predator-club-tf","status":"publish","type":"product","link":"https:\/\/www.deporteseli.com\/?product=botas-adidas-predator-club-tf","title":{"rendered":"BOTAS ADIDAS PREDATOR CLUB TF"},"content":{"rendered":"<p>Las zapatillas de f\u00fatbol Adidas Predator Club Tf M IG5458 negras son una elecci\u00f3n perfecta para todo hombre que ama el f\u00fatbol y valora la comodidad y el estilo mientras juega. Los dise\u00f1adores de Adidas se aseguraron de que este modelo cumpliera con todos los requisitos de los jugadores para jugar en c\u00e9sped artificial. Estos zapatos combinan no solo un dise\u00f1o \u00fanico, sino tambi\u00e9n tecnolog\u00edas avanzadas que te ayudan a lograr mejores resultados en la cancha.    Estos zapatos se caracterizan por un modelo bajo con cordones, que garantiza una perfecta adherencia al pie y al mismo tiempo facilita un r\u00e1pido calce y calce. La suela de goma ha sido especialmente dise\u00f1ada para jugar en superficies artificiales, ofreciendo un excelente agarre y estabilidad durante los cambios din\u00e1micos de direcci\u00f3n de carrera.    Fabricadas con material sint\u00e9tico de alta calidad, las zapatillas adidas Predator Club Tf M IG5458 proporcionan no solo resistencia y durabilidad, sino tambi\u00e9n ligereza, lo cual es crucial para un juego c\u00f3modo. El color negro a\u00f1ade elegancia a los zapatos y combina pr\u00e1cticamente con cualquier conjunto de f\u00fatbol.    En el interior del zapato hay un forro de material textil, que garantiza transpirabilidad y comodidad de uso incluso durante un uso prolongado. El material del inserto es tela, lo que aumenta adicionalmente la sensaci\u00f3n de suavidad y comodidad al jugar.    Las zapatillas de f\u00fatbol Adidas Predator Club Tf M IG5458 negras son la elecci\u00f3n perfecta para todo hombre que busca zapatillas para jugar sobre c\u00e9sped artificial que combinen mano de obra de alta calidad, tecnolog\u00edas modernas y una apariencia elegante. Este modelo ser\u00e1 una gran incorporaci\u00f3n a cualquier equipo de f\u00fatbol, ??ayud\u00e1ndote a lograr mejores resultados y disfrutar del juego al m\u00e1s alto nivel.                                                                                                                                                                                                                                                                                                                                                                                                                                                                                                                                                                                                                                                                                                                                                                                                                                                                                                                                                                                                                                        <\/p>\n","protected":false},"excerpt":{"rendered":"<p>BOTAS ADIDAS PREDATOR CLUB TF<\/p>\n","protected":false},"featured_media":56106,"template":"","meta":[],"product_brand":[],"product_cat":[318],"product_tag":[18],"class_list":{"0":"post-42544","1":"product","2":"type-product","3":"status-publish","4":"has-post-thumbnail","6":"product_cat-deportes_futbol_botas","7":"product_tag-adidas","8":"pa_color-unico","9":"pa_talla-40-5","10":"pa_talla-41-5","11":"pa_talla-42-5","12":"pa_talla-161","13":"thunk-woo-product-list","14":"opn-qv-enable","15":"open-woo-hover-","16":"open-single-product-tab-horizontal","17":"open-shadow-","18":"open-shadow-hover-","20":"first","21":"instock","22":"sale","23":"shipping-taxable","24":"purchasable","25":"product-type-variable"},"jetpack_sharing_enabled":true,"_links":{"self":[{"href":"https:\/\/www.deporteseli.com\/index.php?rest_route=\/wp\/v2\/product\/42544","targetHints":{"allow":["GET"]}}],"collection":[{"href":"https:\/\/www.deporteseli.com\/index.php?rest_route=\/wp\/v2\/product"}],"about":[{"href":"https:\/\/www.deporteseli.com\/index.php?rest_route=\/wp\/v2\/types\/product"}],"wp:featuredmedia":[{"embeddable":true,"href":"https:\/\/www.deporteseli.com\/index.php?rest_route=\/wp\/v2\/media\/56106"}],"wp:attachment":[{"href":"https:\/\/www.deporteseli.com\/index.php?rest_route=%2Fwp%2Fv2%2Fmedia&parent=42544"}],"wp:term":[{"taxonomy":"product_brand","embeddable":true,"href":"https:\/\/www.deporteseli.com\/index.php?rest_route=%2Fwp%2Fv2%2Fproduct_brand&post=42544"},{"taxonomy":"product_cat","embeddable":true,"href":"https:\/\/www.deporteseli.com\/index.php?rest_route=%2Fwp%2Fv2%2Fproduct_cat&post=42544"},{"taxonomy":"product_tag","embeddable":true,"href":"https:\/\/www.deporteseli.com\/index.php?rest_route=%2Fwp%2Fv2%2Fproduct_tag&post=42544"}],"curies":[{"name":"wp","href":"https:\/\/api.w.org\/{rel}","templated":true}]}}