{"id":42539,"date":"2026-01-27T19:43:37","date_gmt":"2026-01-27T19:43:37","guid":{"rendered":"https:\/\/www.deporteseli.com\/?product=chandal-adidas-is2535"},"modified":"2026-03-07T05:59:25","modified_gmt":"2026-03-07T05:59:25","slug":"chandal-adidas-is2535","status":"publish","type":"product","link":"https:\/\/www.deporteseli.com\/?product=chandal-adidas-is2535","title":{"rendered":"CHANDAL ADIDAS IS2535"},"content":{"rendered":"<p>Descripci\u00f3n  El ch\u00e1ndal adidas 3Stripes Tiberio Infantil Fucsia es perfecto para los m\u00e1s peque\u00f1os. Con un corte cl\u00e1sico y un cuello alto, este ch\u00e1ndal les mantendr\u00e1 abrigados y c\u00f3modos. La sudadera cuenta con pu\u00f1os y dobladillo de canal\u00e9, mientras que el pantal\u00f3n tiene una cintura el\u00e1stica para un ajuste perfecto. Adem\u00e1s, el ch\u00e1ndal cuenta con las ic\u00f3nicas 3 rayas laterales y el logo de la marca adidas. Disponible en rosa y negro, este ch\u00e1ndal es ideal para cualquier ocasi\u00f3n.  Haz que tus hijos luzcan a la moda con este ch\u00e1ndal adidas!    Caracter\u00edsticas  Corte cl\u00e1sico  Cuello alto  Sudadera: pu\u00f1os y dobladillo de canal\u00e9  3 rayas laterales  Cierre de cremallera  Pantal\u00f3n: cintura el\u00e1stica  Logo de la marca  Color del producto: Rosa\/Negro                                                                                                                                                                                                                                                                                                                                                                                                                                                                                                                                                                                                                                                                                                                                                                                                                                                                                                                                                                                                                                        <\/p>\n","protected":false},"excerpt":{"rendered":"<p>CHANDAL ADIDAS IS2535<\/p>\n","protected":false},"featured_media":56102,"template":"","meta":[],"product_brand":[],"product_cat":[380],"product_tag":[18],"class_list":{"0":"post-42539","1":"product","2":"type-product","3":"status-publish","4":"has-post-thumbnail","6":"product_cat-ninas_textil_chandals","7":"product_tag-adidas","8":"pa_color-unico","9":"pa_talla-t-10","10":"pa_talla-t-12","11":"pa_talla-t-14","12":"pa_talla-t-8","13":"thunk-woo-product-list","14":"opn-qv-enable","15":"open-woo-hover-","16":"open-single-product-tab-horizontal","17":"open-shadow-","18":"open-shadow-hover-","20":"first","21":"instock","22":"shipping-taxable","23":"purchasable","24":"product-type-variable"},"jetpack_sharing_enabled":true,"_links":{"self":[{"href":"https:\/\/www.deporteseli.com\/index.php?rest_route=\/wp\/v2\/product\/42539","targetHints":{"allow":["GET"]}}],"collection":[{"href":"https:\/\/www.deporteseli.com\/index.php?rest_route=\/wp\/v2\/product"}],"about":[{"href":"https:\/\/www.deporteseli.com\/index.php?rest_route=\/wp\/v2\/types\/product"}],"wp:featuredmedia":[{"embeddable":true,"href":"https:\/\/www.deporteseli.com\/index.php?rest_route=\/wp\/v2\/media\/56102"}],"wp:attachment":[{"href":"https:\/\/www.deporteseli.com\/index.php?rest_route=%2Fwp%2Fv2%2Fmedia&parent=42539"}],"wp:term":[{"taxonomy":"product_brand","embeddable":true,"href":"https:\/\/www.deporteseli.com\/index.php?rest_route=%2Fwp%2Fv2%2Fproduct_brand&post=42539"},{"taxonomy":"product_cat","embeddable":true,"href":"https:\/\/www.deporteseli.com\/index.php?rest_route=%2Fwp%2Fv2%2Fproduct_cat&post=42539"},{"taxonomy":"product_tag","embeddable":true,"href":"https:\/\/www.deporteseli.com\/index.php?rest_route=%2Fwp%2Fv2%2Fproduct_tag&post=42539"}],"curies":[{"name":"wp","href":"https:\/\/api.w.org\/{rel}","templated":true}]}}