{"id":42524,"date":"2026-01-27T19:43:11","date_gmt":"2026-01-27T19:43:11","guid":{"rendered":"https:\/\/www.deporteseli.com\/?product=polo-ellesse-muccia-navy"},"modified":"2026-03-07T05:59:08","modified_gmt":"2026-03-07T05:59:08","slug":"polo-ellesse-muccia-navy","status":"publish","type":"product","link":"https:\/\/www.deporteseli.com\/?product=polo-ellesse-muccia-navy","title":{"rendered":"POLO ELLESSE MUCCIA NAVY"},"content":{"rendered":"<p>Polo Muccia. Confeccionado en algod\u00f3n piqu\u00e9, este polo forma parte del ADN de nuestra marca. Con un corte est\u00e1ndar y cuello y pu\u00f1os de punto plano, incorpora nuestra cl\u00e1sica insignia bordada y botones nacarados de la marca.                                                                                                                                                                                                                                                                                                                                                                                                                                                                                                                                                                                                                                                                                                                                                                                                                                                                                                                                                                                                                                        <\/p>\n","protected":false},"excerpt":{"rendered":"<p>POLO ELLESSE MUCCIA NAVY<\/p>\n","protected":false},"featured_media":56091,"template":"","meta":[],"product_brand":[],"product_cat":[245],"product_tag":[52],"class_list":{"0":"post-42524","1":"product","2":"type-product","3":"status-publish","4":"has-post-thumbnail","6":"product_cat-hombre_textil_camisetas","7":"product_tag-ellesse","8":"pa_color-unico","9":"pa_talla-l","10":"pa_talla-m","11":"thunk-woo-product-list","12":"opn-qv-enable","13":"open-woo-hover-","14":"open-single-product-tab-horizontal","15":"open-shadow-","16":"open-shadow-hover-","18":"first","19":"instock","20":"shipping-taxable","21":"purchasable","22":"product-type-variable"},"jetpack_sharing_enabled":true,"_links":{"self":[{"href":"https:\/\/www.deporteseli.com\/index.php?rest_route=\/wp\/v2\/product\/42524","targetHints":{"allow":["GET"]}}],"collection":[{"href":"https:\/\/www.deporteseli.com\/index.php?rest_route=\/wp\/v2\/product"}],"about":[{"href":"https:\/\/www.deporteseli.com\/index.php?rest_route=\/wp\/v2\/types\/product"}],"wp:featuredmedia":[{"embeddable":true,"href":"https:\/\/www.deporteseli.com\/index.php?rest_route=\/wp\/v2\/media\/56091"}],"wp:attachment":[{"href":"https:\/\/www.deporteseli.com\/index.php?rest_route=%2Fwp%2Fv2%2Fmedia&parent=42524"}],"wp:term":[{"taxonomy":"product_brand","embeddable":true,"href":"https:\/\/www.deporteseli.com\/index.php?rest_route=%2Fwp%2Fv2%2Fproduct_brand&post=42524"},{"taxonomy":"product_cat","embeddable":true,"href":"https:\/\/www.deporteseli.com\/index.php?rest_route=%2Fwp%2Fv2%2Fproduct_cat&post=42524"},{"taxonomy":"product_tag","embeddable":true,"href":"https:\/\/www.deporteseli.com\/index.php?rest_route=%2Fwp%2Fv2%2Fproduct_tag&post=42524"}],"curies":[{"name":"wp","href":"https:\/\/api.w.org\/{rel}","templated":true}]}}