{"id":42521,"date":"2026-01-27T19:43:07","date_gmt":"2026-01-27T19:43:07","guid":{"rendered":"https:\/\/www.deporteseli.com\/?product=sudadera-ellesse-mvello"},"modified":"2026-03-07T05:59:04","modified_gmt":"2026-03-07T05:59:04","slug":"sudadera-ellesse-mvello","status":"publish","type":"product","link":"https:\/\/www.deporteseli.com\/?product=sudadera-ellesse-mvello","title":{"rendered":"SUDADERA ELLESSE MVELLO"},"content":{"rendered":"<p>Sudadera con capucha Mvello. Esta sudadera con capucha, de corte holgado y con pu\u00f1os y cintura acanalados para un ajuste optimizado, est\u00e1 rematada con un estampado de platisol en el pecho y nuestra marca distintiva, y cuenta con un bolsillo canguro cl\u00e1sic                                                                                                                                                                                                                                                                                                                                                                                                                                                                                                                                                                                                                                                                                                                                                                                                                                                                                                                                                                                                                                        <\/p>\n","protected":false},"excerpt":{"rendered":"<p>SUDADERA ELLESSE MVELLO<\/p>\n","protected":false},"featured_media":56089,"template":"","meta":[],"product_brand":[],"product_cat":[253],"product_tag":[52],"class_list":{"0":"post-42521","1":"product","2":"type-product","3":"status-publish","4":"has-post-thumbnail","6":"product_cat-hombre_textil_sudaderas","7":"product_tag-ellesse","8":"pa_color-unico","9":"pa_talla-m","10":"pa_talla-s","11":"thunk-woo-product-list","12":"opn-qv-enable","13":"open-woo-hover-","14":"open-single-product-tab-horizontal","15":"open-shadow-","16":"open-shadow-hover-","18":"first","19":"instock","20":"shipping-taxable","21":"purchasable","22":"product-type-variable"},"jetpack_sharing_enabled":true,"_links":{"self":[{"href":"https:\/\/www.deporteseli.com\/index.php?rest_route=\/wp\/v2\/product\/42521","targetHints":{"allow":["GET"]}}],"collection":[{"href":"https:\/\/www.deporteseli.com\/index.php?rest_route=\/wp\/v2\/product"}],"about":[{"href":"https:\/\/www.deporteseli.com\/index.php?rest_route=\/wp\/v2\/types\/product"}],"wp:featuredmedia":[{"embeddable":true,"href":"https:\/\/www.deporteseli.com\/index.php?rest_route=\/wp\/v2\/media\/56089"}],"wp:attachment":[{"href":"https:\/\/www.deporteseli.com\/index.php?rest_route=%2Fwp%2Fv2%2Fmedia&parent=42521"}],"wp:term":[{"taxonomy":"product_brand","embeddable":true,"href":"https:\/\/www.deporteseli.com\/index.php?rest_route=%2Fwp%2Fv2%2Fproduct_brand&post=42521"},{"taxonomy":"product_cat","embeddable":true,"href":"https:\/\/www.deporteseli.com\/index.php?rest_route=%2Fwp%2Fv2%2Fproduct_cat&post=42521"},{"taxonomy":"product_tag","embeddable":true,"href":"https:\/\/www.deporteseli.com\/index.php?rest_route=%2Fwp%2Fv2%2Fproduct_tag&post=42521"}],"curies":[{"name":"wp","href":"https:\/\/api.w.org\/{rel}","templated":true}]}}