{"id":42511,"date":"2026-01-27T19:42:54","date_gmt":"2026-01-27T19:42:54","guid":{"rendered":"https:\/\/www.deporteseli.com\/?product=court-ss-top-2"},"modified":"2026-04-24T04:17:35","modified_gmt":"2026-04-24T04:17:35","slug":"court-ss-top-2","status":"publish","type":"product","link":"https:\/\/www.deporteseli.com\/?product=court-ss-top-2","title":{"rendered":"COURT SS TOP"},"content":{"rendered":"<p>Descripci\u00f3n  La camiseta de manga corta COURT SHORT SLEEVE TOP es muy pr\u00e1ctica para usar a diario.    Su sencillo dise\u00f1o de contraste de colores contribuye a mantener la simplicidad y la comodidad durante tus partidos y entrenamientos.    Tambi\u00e9n cuenta con propiedades de control de la humedad avanzadas que te ayudan a mantener el cuerpo seco sobre la pista.    Al menos el 50% del material principal de la prenda est\u00e1 fabricado con materiales reciclados para reducir los residuos y las emisiones de carbono.    Tejido principal:100% Poli\u00e9ster                                                                                                                                                                                                                                                                                                                                                                                                                                                                                                                                                                                                                                                                                                                                                                                                                                                                                                                                                                                                                                        <\/p>\n","protected":false},"excerpt":{"rendered":"<p>COURT SS TOP<\/p>\n","protected":false},"featured_media":56081,"template":"","meta":[],"product_brand":[],"product_cat":[364],"product_tag":[19],"class_list":{"0":"post-42511","1":"product","2":"type-product","3":"status-publish","4":"has-post-thumbnail","6":"product_cat-padel_y_tenis_textil_camisas","7":"product_tag-asics","8":"pa_color-unico","9":"pa_talla-l","10":"pa_talla-m","11":"thunk-woo-product-list","12":"opn-qv-enable","13":"open-woo-hover-","14":"open-single-product-tab-horizontal","15":"open-shadow-","16":"open-shadow-hover-","18":"first","19":"instock","20":"shipping-taxable","21":"purchasable","22":"product-type-variable"},"jetpack_sharing_enabled":true,"_links":{"self":[{"href":"https:\/\/www.deporteseli.com\/index.php?rest_route=\/wp\/v2\/product\/42511","targetHints":{"allow":["GET"]}}],"collection":[{"href":"https:\/\/www.deporteseli.com\/index.php?rest_route=\/wp\/v2\/product"}],"about":[{"href":"https:\/\/www.deporteseli.com\/index.php?rest_route=\/wp\/v2\/types\/product"}],"wp:featuredmedia":[{"embeddable":true,"href":"https:\/\/www.deporteseli.com\/index.php?rest_route=\/wp\/v2\/media\/56081"}],"wp:attachment":[{"href":"https:\/\/www.deporteseli.com\/index.php?rest_route=%2Fwp%2Fv2%2Fmedia&parent=42511"}],"wp:term":[{"taxonomy":"product_brand","embeddable":true,"href":"https:\/\/www.deporteseli.com\/index.php?rest_route=%2Fwp%2Fv2%2Fproduct_brand&post=42511"},{"taxonomy":"product_cat","embeddable":true,"href":"https:\/\/www.deporteseli.com\/index.php?rest_route=%2Fwp%2Fv2%2Fproduct_cat&post=42511"},{"taxonomy":"product_tag","embeddable":true,"href":"https:\/\/www.deporteseli.com\/index.php?rest_route=%2Fwp%2Fv2%2Fproduct_tag&post=42511"}],"curies":[{"name":"wp","href":"https:\/\/api.w.org\/{rel}","templated":true}]}}