{"id":42506,"date":"2026-01-27T19:42:46","date_gmt":"2026-01-27T19:42:46","guid":{"rendered":"https:\/\/www.deporteseli.com\/?product=tenis-reebok-100202262"},"modified":"2026-01-27T19:42:49","modified_gmt":"2026-01-27T19:42:49","slug":"tenis-reebok-100202262","status":"publish","type":"product","link":"https:\/\/www.deporteseli.com\/?product=tenis-reebok-100202262","title":{"rendered":"TENIS REEBOK 100202262"},"content":{"rendered":"<p>Informaci\u00f3n sobre el producto  Talla y ajuste  Ancho del zapato: Est\u00e1ndar  Grosor de la suela: 3 cm  Per\u00edmetro en tobillo (talla m\u00e1s peque\u00f1a): 22 cm  Altura total del zapato: 9.20 cm  Peso del zapato (talla m\u00e1s peque\u00f1a): 159 g  Material y cuidado  Forro t\u00e9rmico: Sin aislamiento  Plantilla: textil  Interior: tejido  Parte superior: Material\/-Sint\u00e9tico , Textil\/-Textil  Suela: material de alta calidad  Contiene partes no textiles de origen animal: No  Detalles del producto  Marca: Reebok  Modelo: Rush Runner 5 Alt 100202262  Index: 5905588703938  Dise\u00f1o y estilo  Color: Azul marino  Tipo de cierre: Velcro  Tipo de punta: Redonda  Tipo de tac\u00f3n: Plano  Otros: producto empaquetado en caja original                                                                                                                                                                                                                                                                                                                                                                                                                                                                                                                                                                                                                                                                                                                                                                                                                                                                                                                                                                                                                                        <\/p>\n","protected":false},"excerpt":{"rendered":"<p>TENIS REEBOK 100202262<\/p>\n","protected":false},"featured_media":56074,"template":"","meta":[],"product_brand":[],"product_cat":[308],"product_tag":[41],"class_list":{"0":"post-42506","1":"product","2":"type-product","3":"status-publish","4":"has-post-thumbnail","6":"product_cat-nino_calzado_running","7":"product_tag-reebok","8":"pa_color-unico","9":"pa_talla-123","10":"pa_talla-127","11":"thunk-woo-product-list","12":"opn-qv-enable","13":"open-woo-hover-","14":"open-single-product-tab-horizontal","15":"open-shadow-","16":"open-shadow-hover-","18":"first","19":"instock","20":"sale","21":"shipping-taxable","22":"purchasable","23":"product-type-variable"},"jetpack_sharing_enabled":true,"_links":{"self":[{"href":"https:\/\/www.deporteseli.com\/index.php?rest_route=\/wp\/v2\/product\/42506","targetHints":{"allow":["GET"]}}],"collection":[{"href":"https:\/\/www.deporteseli.com\/index.php?rest_route=\/wp\/v2\/product"}],"about":[{"href":"https:\/\/www.deporteseli.com\/index.php?rest_route=\/wp\/v2\/types\/product"}],"wp:featuredmedia":[{"embeddable":true,"href":"https:\/\/www.deporteseli.com\/index.php?rest_route=\/wp\/v2\/media\/56074"}],"wp:attachment":[{"href":"https:\/\/www.deporteseli.com\/index.php?rest_route=%2Fwp%2Fv2%2Fmedia&parent=42506"}],"wp:term":[{"taxonomy":"product_brand","embeddable":true,"href":"https:\/\/www.deporteseli.com\/index.php?rest_route=%2Fwp%2Fv2%2Fproduct_brand&post=42506"},{"taxonomy":"product_cat","embeddable":true,"href":"https:\/\/www.deporteseli.com\/index.php?rest_route=%2Fwp%2Fv2%2Fproduct_cat&post=42506"},{"taxonomy":"product_tag","embeddable":true,"href":"https:\/\/www.deporteseli.com\/index.php?rest_route=%2Fwp%2Fv2%2Fproduct_tag&post=42506"}],"curies":[{"name":"wp","href":"https:\/\/api.w.org\/{rel}","templated":true}]}}