{"id":42504,"date":"2026-01-27T19:42:44","date_gmt":"2026-01-27T19:42:44","guid":{"rendered":"https:\/\/www.deporteseli.com\/?product=tenis-reebok-100046413"},"modified":"2026-01-27T19:42:45","modified_gmt":"2026-01-27T19:42:45","slug":"tenis-reebok-100046413","status":"publish","type":"product","link":"https:\/\/www.deporteseli.com\/?product=tenis-reebok-100046413","title":{"rendered":"TENIS REEBOK 100046413"},"content":{"rendered":"<p>Categor\u00edas  Ni\u00f1a  beb\u00e9  Tipo De Cierre  Velcro  Color  ROSA  ROSA  Tipos  Zapatillas  Estilo  Casual  Sneaker  Modelo  100046413  Subtipo  Bajas  Tipo De Suela  Plana  Composici\u00f3n Suela  SINTETICO  Material Exterior  Polipiel                                                                                                                                                                                                                                                                                                                                                                                                                                                                                                                                                                                                                                                                                                                                                                                                                                                                                                                                                                                                                                        <\/p>\n","protected":false},"excerpt":{"rendered":"<p>TENIS REEBOK 100046413<\/p>\n","protected":false},"featured_media":56071,"template":"","meta":[],"product_brand":[],"product_cat":[392],"product_tag":[41],"class_list":{"0":"post-42504","1":"product","2":"type-product","3":"status-publish","4":"has-post-thumbnail","6":"product_cat-ninas_calzado_casual","7":"product_tag-reebok","8":"pa_color-unico","9":"pa_talla-117","10":"thunk-woo-product-list","11":"opn-qv-enable","12":"open-woo-hover-","13":"open-single-product-tab-horizontal","14":"open-shadow-","15":"open-shadow-hover-","17":"first","18":"instock","19":"sale","20":"shipping-taxable","21":"purchasable","22":"product-type-variable"},"jetpack_sharing_enabled":true,"_links":{"self":[{"href":"https:\/\/www.deporteseli.com\/index.php?rest_route=\/wp\/v2\/product\/42504","targetHints":{"allow":["GET"]}}],"collection":[{"href":"https:\/\/www.deporteseli.com\/index.php?rest_route=\/wp\/v2\/product"}],"about":[{"href":"https:\/\/www.deporteseli.com\/index.php?rest_route=\/wp\/v2\/types\/product"}],"wp:featuredmedia":[{"embeddable":true,"href":"https:\/\/www.deporteseli.com\/index.php?rest_route=\/wp\/v2\/media\/56071"}],"wp:attachment":[{"href":"https:\/\/www.deporteseli.com\/index.php?rest_route=%2Fwp%2Fv2%2Fmedia&parent=42504"}],"wp:term":[{"taxonomy":"product_brand","embeddable":true,"href":"https:\/\/www.deporteseli.com\/index.php?rest_route=%2Fwp%2Fv2%2Fproduct_brand&post=42504"},{"taxonomy":"product_cat","embeddable":true,"href":"https:\/\/www.deporteseli.com\/index.php?rest_route=%2Fwp%2Fv2%2Fproduct_cat&post=42504"},{"taxonomy":"product_tag","embeddable":true,"href":"https:\/\/www.deporteseli.com\/index.php?rest_route=%2Fwp%2Fv2%2Fproduct_tag&post=42504"}],"curies":[{"name":"wp","href":"https:\/\/api.w.org\/{rel}","templated":true}]}}